{"id":15,"date":"2024-03-22T12:32:07","date_gmt":"2024-03-22T12:32:07","guid":{"rendered":"https:\/\/dummy.xtemos.com\/woodmart2\/pills-elementor\/?page_id=15"},"modified":"2025-01-13T02:18:44","modified_gmt":"2025-01-12T23:18:44","slug":"hakkimizda","status":"publish","type":"page","link":"https:\/\/safirkreatif.net\/woodmart\/hakkimizda\/","title":{"rendered":"Hakk\u0131m\u0131zda"},"content":{"rendered":"\t\t<div data-elementor-type=\"wp-page\" data-elementor-id=\"15\" class=\"elementor elementor-15\">\n\t\t\t\t<div class=\"wd-negative-gap elementor-element elementor-element-4a5f32b e-flex e-con-boxed e-con e-parent\" data-id=\"4a5f32b\" data-element_type=\"container\">\n\t\t\t\t\t<div class=\"e-con-inner\">\n\t\t<div class=\"elementor-element elementor-element-8939698 e-con-full e-flex e-con e-child\" data-id=\"8939698\" data-element_type=\"container\">\n\t\t\t\t<div class=\"elementor-element elementor-element-249cb4c wd-width-100 elementor-widget elementor-widget-wd_title\" data-id=\"249cb4c\" data-element_type=\"widget\" data-widget_type=\"wd_title.default\">\n\t\t\t\t<div class=\"elementor-widget-container\">\n\t\t\t\t\t\t\t<div class=\"title-wrapper wd-set-mb reset-last-child wd-title-color-default wd-title-style-default wd-title-size-default text-left\">\n\n\t\t\t\n\t\t\t<div class=\"liner-continer\">\n\t\t\t\t<h4 class=\"woodmart-title-container title wd-fontsize-l wd-underline-colored\">Hikayemiz<\/h4> \n\t\t\t\t\t\t\t<\/div>\n\n\t\t\t\t\t<\/div>\n\t\t\t\t\t\t<\/div>\n\t\t\t\t<\/div>\n\t\t\t\t<\/div>\n\t\t<div class=\"elementor-element elementor-element-05fa8d8 e-con-full e-flex e-con e-child\" data-id=\"05fa8d8\" data-element_type=\"container\">\n\t\t\t\t<div class=\"elementor-element elementor-element-faede00 elementor-widget elementor-widget-wd_text_block\" data-id=\"faede00\" data-element_type=\"widget\" data-widget_type=\"wd_text_block.default\">\n\t\t\t\t<div class=\"elementor-widget-container\">\n\t\t\t\t\t\t\t<div class=\"wd-text-block reset-last-child text-left\">\n\t\t\t\n\t\t\tETM Trade, havuz temizlik robotlar\u0131, outdoor ve offroad \u00fcr\u00fcnlerinin sat\u0131\u015f\u0131na y\u00f6nelik bir e-ticaret platformudur. D\u00fcnyan\u0131n her yerinden m\u00fc\u015fterilerimize birinci s\u0131n\u0131f \u00fcr\u00fcnler ve ayr\u0131cal\u0131kl\u0131 m\u00fc\u015fteri hizmetleri sunuyoruz. Online al\u0131\u015fveri\u015f deneyiminizi s\u00fcrekli g\u00fcncellemek ve geli\u015ftirmek i\u00e7in gerekli enerjiye sahibiz. Kalite, s\u00fcrd\u00fcr\u00fclebilirlik ve g\u00fcvenilirlik bizim i\u00e7in \u00f6nemlidir ve m\u00fc\u015fterilerimizin memnuniyeti bizi daha da ileriye ta\u015f\u0131r. Sitemizi ke\u015ffedin ve \u00f6zel teklifler ve indirimlerden haberdar olmak i\u00e7in abone olun!\n\t\t\t\t\t<\/div>\n\t\t\t\t\t\t<\/div>\n\t\t\t\t<\/div>\n\t\t\t\t<\/div>\n\t\t\t\t\t<\/div>\n\t\t\t\t<\/div>\n\t\t<div class=\"wd-negative-gap elementor-element elementor-element-0e49826 wd-section-stretch e-flex e-con-boxed e-con e-parent\" data-id=\"0e49826\" data-element_type=\"container\" data-settings=\"{&quot;background_background&quot;:&quot;classic&quot;}\">\n\t\t\t\t\t<div class=\"e-con-inner\">\n\t\t\t\t<div class=\"elementor-element elementor-element-a43eb00 wd-width-100 elementor-widget elementor-widget-wd_title\" data-id=\"a43eb00\" data-element_type=\"widget\" data-widget_type=\"wd_title.default\">\n\t\t\t\t<div class=\"elementor-widget-container\">\n\t\t\t\t\t\t\t<div class=\"title-wrapper wd-set-mb reset-last-child wd-title-color-default wd-title-style-default wd-title-size-default text-center\">\n\n\t\t\t\n\t\t\t<div class=\"liner-continer\">\n\t\t\t\t<h4 class=\"woodmart-title-container title wd-fontsize-l\">Ekibimizle Tan\u0131\u015f\u0131n<\/h4> \n\t\t\t\t\t\t\t<\/div>\n\n\t\t\t\t\t\t\t<div class=\"title-after_title reset-last-child wd-fontsize-xs\">\n\t\t\t\t\t<p><span class=\"wixui-rich-text__text\">Memnuniyet G\u00fcvencesi<\/span><\/p>\t\t\t\t<\/div>\n\t\t\t\t\t<\/div>\n\t\t\t\t\t\t<\/div>\n\t\t\t\t<\/div>\n\t\t<div class=\"elementor-element elementor-element-997988d e-con-full e-flex e-con e-child\" data-id=\"997988d\" data-element_type=\"container\">\n\t\t<div class=\"elementor-element elementor-element-39bf202 e-con-full e-flex e-con e-child\" data-id=\"39bf202\" data-element_type=\"container\">\n\t\t\t\t<div class=\"elementor-element elementor-element-fcb77f2 elementor-widget elementor-widget-wd_infobox\" data-id=\"fcb77f2\" data-element_type=\"widget\" data-widget_type=\"wd_infobox.default\">\n\t\t\t\t<div class=\"elementor-widget-container\">\n\t\t\t\t\t\t\t<div class=\"info-box-wrapper\">\n\t\t\t<div class=\"wd-info-box text-left box-icon-align-top box-style-base color-scheme-\">\n\t\t\t\t\n\t\t\t\t<div class=\"info-box-content\">\n\t\t\t\t\t\n\t\t\t\t\t\t\t\t\t\t\t<h4\t\t\t\t\t\tclass=\"info-box-title title box-title-style-default wd-fontsize-xl\" data-elementor-setting-key=\"title\">\n\t\t\t\t\t\t\t\tHavuz \u00dcr\u00fcnleri Uzman\u0131\t\t\t\t\t\t<\/h4>\n\t\t\t\t\t\n\t\t\t\t\t<div class=\"info-box-inner reset-last-child\"data-elementor-setting-key=\"content\"><p>Havuz \u00dcr\u00fcnleri Uzman\u0131<br \/>\nT. Demir kurulu\u015fumuzdan bu yana ekibimizin ayr\u0131lmaz bir par\u00e7as\u0131 oldu. Kendisi sundu\u011fumuz havuz temizlik robotlar\u0131 ve di\u011fer havuz \u00fcr\u00fcnlerinin kalitesinden ve her m\u00fc\u015fterinin m\u00fcmk\u00fcn olan en iyi hizmeti ald\u0131\u011f\u0131ndan emin olmam\u0131zda kilit rol oynar.<\/p>\n<\/div>\n\n\t\t\t\t\t\t\t\t\t<\/div>\n\n\t\t\t\t\t\t\t<\/div>\n\t\t<\/div>\n\t\t\t\t\t\t<\/div>\n\t\t\t\t<\/div>\n\t\t\t\t<\/div>\n\t\t<div class=\"elementor-element elementor-element-817f00b e-con-full e-flex e-con e-child\" data-id=\"817f00b\" data-element_type=\"container\">\n\t\t\t\t<div class=\"elementor-element elementor-element-4ab42c6 elementor-widget elementor-widget-wd_infobox\" data-id=\"4ab42c6\" data-element_type=\"widget\" data-widget_type=\"wd_infobox.default\">\n\t\t\t\t<div class=\"elementor-widget-container\">\n\t\t\t\t\t\t\t<div class=\"info-box-wrapper\">\n\t\t\t<div class=\"wd-info-box text-left box-icon-align-top box-style-base color-scheme-\">\n\t\t\t\t\n\t\t\t\t<div class=\"info-box-content\">\n\t\t\t\t\t\n\t\t\t\t\t\t\t\t\t\t\t<h4\t\t\t\t\t\tclass=\"info-box-title title box-title-style-default wd-fontsize-xl\" data-elementor-setting-key=\"title\">\n\t\t\t\t\t\t\t\tOutdoor ve Offroad Uzman\u0131\t\t\t\t\t\t<\/h4>\n\t\t\t\t\t\n\t\t\t\t\t<div class=\"info-box-inner reset-last-child\"data-elementor-setting-key=\"content\"><p>Outdoor ve Offroad Uzman\u0131<br \/>\nK. Ta\u015f, b\u00fcnyemizde Outdoor ve Offroad Uzman\u0131 olarak \u00e7al\u0131\u015fmaya ba\u015flad\u0131\u011f\u0131 andan itibaren ekibimize seviye atlatt\u0131. Sadece kendi sorumluluklar\u0131n\u0131 m\u00fckemmel \u015fekilde yerine getirmekle kalm\u0131yor, ayn\u0131 zamanda daha az deneyimli \u00e7al\u0131\u015fanlar\u0131m\u0131z i\u00e7in de harika bir \u00f6rnek te\u015fkil ediyor.<\/p>\n<\/div>\n\n\t\t\t\t\t\t\t\t\t<\/div>\n\n\t\t\t\t\t\t\t<\/div>\n\t\t<\/div>\n\t\t\t\t\t\t<\/div>\n\t\t\t\t<\/div>\n\t\t\t\t<\/div>\n\t\t<div class=\"elementor-element elementor-element-3bb773e e-con-full e-flex e-con e-child\" data-id=\"3bb773e\" data-element_type=\"container\">\n\t\t\t\t<div class=\"elementor-element elementor-element-7fa94ae elementor-widget elementor-widget-wd_infobox\" data-id=\"7fa94ae\" data-element_type=\"widget\" data-widget_type=\"wd_infobox.default\">\n\t\t\t\t<div class=\"elementor-widget-container\">\n\t\t\t\t\t\t\t<div class=\"info-box-wrapper\">\n\t\t\t<div class=\"wd-info-box text-left box-icon-align-top box-style-base color-scheme-\">\n\t\t\t\t\n\t\t\t\t<div class=\"info-box-content\">\n\t\t\t\t\t\n\t\t\t\t\t\t\t\t\t\t\t<h4\t\t\t\t\t\tclass=\"info-box-title title box-title-style-default wd-fontsize-xl\" data-elementor-setting-key=\"title\">\n\t\t\t\t\t\t\t\tMa\u011faza M\u00fcd\u00fcr Yard\u0131mc\u0131s\u0131\t\t\t\t\t\t<\/h4>\n\t\t\t\t\t\n\t\t\t\t\t<div class=\"info-box-inner reset-last-child\"data-elementor-setting-key=\"content\"><p>B\u00f6yle harika bir Ma\u011faza M\u00fcd\u00fcr Yard\u0131mc\u0131s\u0131 ekibimizin bir par\u00e7as\u0131 oldu\u011fu i\u00e7in \u00e7ok \u015fansl\u0131y\u0131z. B. Demir aram\u0131za kat\u0131ld\u0131\u011f\u0131nda harika bir karar verdi\u011fimizi biliyorduk ve kendisi yeteneklerini ve ba\u011fl\u0131l\u0131\u011f\u0131n\u0131 defalarca kan\u0131tlad\u0131.<\/p>\n<\/div>\n\n\t\t\t\t\t\t\t\t\t<\/div>\n\n\t\t\t\t\t\t\t<\/div>\n\t\t<\/div>\n\t\t\t\t\t\t<\/div>\n\t\t\t\t<\/div>\n\t\t\t\t<\/div>\n\t\t\t\t<\/div>\n\t\t\t\t\t<\/div>\n\t\t\t\t<\/div>\n\t\t\t\t<\/div>\n\t\t","protected":false},"excerpt":{"rendered":"<p>Hikayemiz ETM Trade, havuz temizlik robotlar\u0131, outdoor ve offroad \u00fcr\u00fcnlerinin sat\u0131\u015f\u0131na y\u00f6nelik bir e-ticaret platformudur. D\u00fcnyan\u0131n her yerinden m\u00fc\u015fterilerimize birinci<\/p>\n","protected":false},"author":1,"featured_media":0,"parent":0,"menu_order":0,"comment_status":"closed","ping_status":"closed","template":"","meta":{"footnotes":""},"class_list":["post-15","page","type-page","status-publish","hentry"],"_links":{"self":[{"href":"https:\/\/safirkreatif.net\/woodmart\/wp-json\/wp\/v2\/pages\/15","targetHints":{"allow":["GET"]}}],"collection":[{"href":"https:\/\/safirkreatif.net\/woodmart\/wp-json\/wp\/v2\/pages"}],"about":[{"href":"https:\/\/safirkreatif.net\/woodmart\/wp-json\/wp\/v2\/types\/page"}],"author":[{"embeddable":true,"href":"https:\/\/safirkreatif.net\/woodmart\/wp-json\/wp\/v2\/users\/1"}],"replies":[{"embeddable":true,"href":"https:\/\/safirkreatif.net\/woodmart\/wp-json\/wp\/v2\/comments?post=15"}],"version-history":[{"count":10,"href":"https:\/\/safirkreatif.net\/woodmart\/wp-json\/wp\/v2\/pages\/15\/revisions"}],"predecessor-version":[{"id":2039,"href":"https:\/\/safirkreatif.net\/woodmart\/wp-json\/wp\/v2\/pages\/15\/revisions\/2039"}],"wp:attachment":[{"href":"https:\/\/safirkreatif.net\/woodmart\/wp-json\/wp\/v2\/media?parent=15"}],"curies":[{"name":"wp","href":"https:\/\/api.w.org\/{rel}","templated":true}]}}