{"id":1264,"date":"2025-01-07T11:40:05","date_gmt":"2025-01-07T08:40:05","guid":{"rendered":"https:\/\/safirkreatif.net\/woodmart\/?post_type=product&#038;p=1264"},"modified":"2025-01-12T21:13:59","modified_gmt":"2025-01-12T18:13:59","slug":"aerogogo-giga-pump-138","status":"publish","type":"product","link":"https:\/\/safirkreatif.net\/woodmart\/urun\/aerogogo-giga-pump-138\/","title":{"rendered":"Aerogogo Giga Pump 138"},"content":{"rendered":"\t\t<div data-elementor-type=\"wp-post\" data-elementor-id=\"1264\" class=\"elementor elementor-1264\">\n\t\t\t\t<div class=\"wd-negative-gap elementor-element elementor-element-d3a0d3b wd-section-stretch e-flex e-con-boxed e-con e-parent\" data-id=\"d3a0d3b\" data-element_type=\"container\" data-settings=\"{&quot;background_background&quot;:&quot;classic&quot;}\">\n\t\t\t\t\t<div class=\"e-con-inner\">\n\t\t<div class=\"elementor-element elementor-element-ac831ed e-con-full e-flex e-con e-child\" data-id=\"ac831ed\" data-element_type=\"container\">\n\t\t<div class=\"elementor-element elementor-element-dc1597a e-con-full e-flex e-con e-child\" data-id=\"dc1597a\" data-element_type=\"container\">\n\t\t\t\t<div class=\"elementor-element elementor-element-0448d40 elementor-widget elementor-widget-heading\" data-id=\"0448d40\" data-element_type=\"widget\" data-widget_type=\"heading.default\">\n\t\t\t\t<div class=\"elementor-widget-container\">\n\t\t\t\t\t<h2 class=\"elementor-heading-title elementor-size-default\">Hepsi Bir Arada \u015ei\u015firme \u00c7\u00f6z\u00fcm\u00fcn\u00fcz<\/h2>\t\t\t\t<\/div>\n\t\t\t\t<\/div>\n\t\t\t\t<div class=\"elementor-element elementor-element-29f3a6b color-scheme-inherit text-left elementor-widget elementor-widget-text-editor\" data-id=\"29f3a6b\" data-element_type=\"widget\" data-widget_type=\"text-editor.default\">\n\t\t\t\t<div class=\"elementor-widget-container\">\n\t\t\t\t\t\t\t\t\tZetta 138 SUP Pompas\u0131, \u015f\u0131k ve kompakt bir tasar\u0131mda rahatl\u0131\u011f\u0131, \u00e7ok y\u00f6nl\u00fcl\u00fc\u011f\u00fc ve verimlili\u011fi bir araya getirir. \u00c7ok modlu i\u015flevselli\u011fe sahip olan bu pompa, k\u00fcrek tahtalar\u0131, u\u00e7urtmalar, hava \u00e7ad\u0131rlar\u0131 ve daha fazlas\u0131 i\u00e7in uzmanca tasarlanm\u0131\u015ft\u0131r ve t\u00fcm a\u00e7\u0131k hava maceralar\u0131n\u0131z i\u00e7in h\u0131zl\u0131, eller serbest \u015fi\u015firme sa\u011flar.\t\t\t\t\t\t\t\t<\/div>\n\t\t\t\t<\/div>\n\t\t\t\t<div class=\"elementor-element elementor-element-7b7d183 color-scheme-inherit text-left elementor-widget elementor-widget-text-editor\" data-id=\"7b7d183\" data-element_type=\"widget\" data-widget_type=\"text-editor.default\">\n\t\t\t\t<div class=\"elementor-widget-container\">\n\t\t\t\t\t\t\t\t\t<ul><li><strong>Hepsi Bir Arada \u00c7\u00f6z\u00fcm:<\/strong>\u00a0Her macera i\u00e7in rahat ve kolay ekipman \u015fi\u015firme.<\/li><li><strong>\u00c7ok Modlu \u0130\u015flevsellik:<\/strong>\u00a0K\u00fcrek tahtalar\u0131, u\u00e7urtmalar, hava \u00e7ad\u0131rlar\u0131 ve daha fazlas\u0131 i\u00e7in \u00f6zel modlar (0,5\u201320 PSI).<\/li><li><strong>6 Evrensel Nozul:\u00a0<\/strong>\u00c7ok y\u00f6nl\u00fc kullan\u0131m i\u00e7in SUP&#8217;lara, u\u00e7urtmalara, \u00e7ad\u0131rlara, yoga toplar\u0131na ve daha fazlas\u0131na uyar.<\/li><li><strong>Esnek G\u00fc\u00e7 Se\u00e7enekleri:<\/strong>\u00a0\u015eebeke d\u0131\u015f\u0131 g\u00fcvenilirlik i\u00e7in ak\u00fcy\u00fc, arac\u0131n 12V DC&#8217;sini veya bir g\u00fc\u00e7 istasyonunu kullan\u0131n.<\/li><\/ul>\t\t\t\t\t\t\t\t<\/div>\n\t\t\t\t<\/div>\n\t\t\t\t<\/div>\n\t\t<div class=\"elementor-element elementor-element-d993919 e-con-full e-flex e-con e-child\" data-id=\"d993919\" data-element_type=\"container\">\n\t\t\t\t<div class=\"elementor-element elementor-element-416b42c elementor-widget elementor-widget-video\" data-id=\"416b42c\" data-element_type=\"widget\" data-settings=\"{&quot;youtube_url&quot;:&quot;https:\\\/\\\/www.youtube.com\\\/watch?v=8XkZqmcBhSU&quot;,&quot;autoplay&quot;:&quot;yes&quot;,&quot;play_on_mobile&quot;:&quot;yes&quot;,&quot;mute&quot;:&quot;yes&quot;,&quot;loop&quot;:&quot;yes&quot;,&quot;video_type&quot;:&quot;youtube&quot;,&quot;controls&quot;:&quot;yes&quot;}\" data-widget_type=\"video.default\">\n\t\t\t\t<div class=\"elementor-widget-container\">\n\t\t\t\t\t\t\t<div class=\"elementor-wrapper elementor-open-inline\">\n\t\t\t<div class=\"elementor-video\"><\/div>\t\t<\/div>\n\t\t\t\t\t\t<\/div>\n\t\t\t\t<\/div>\n\t\t\t\t<\/div>\n\t\t\t\t<\/div>\n\t\t<div class=\"elementor-element elementor-element-fb976c9 e-con-full e-flex e-con e-child\" data-id=\"fb976c9\" data-element_type=\"container\">\n\t\t\t\t<div class=\"elementor-element elementor-element-483c915 elementor-widget elementor-widget-image\" data-id=\"483c915\" data-element_type=\"widget\" data-widget_type=\"image.default\">\n\t\t\t\t<div class=\"elementor-widget-container\">\n\t\t\t\t\t\t\t\t\t\t\t\t\t\t\t<img fetchpriority=\"high\" decoding=\"async\" width=\"1200\" height=\"600\" src=\"https:\/\/safirkreatif.net\/woodmart\/wp-content\/uploads\/2025\/01\/aciklama-banner-1.jpg\" class=\"attachment-2048x2048 size-2048x2048 wp-image-1279\" alt=\"\" srcset=\"https:\/\/safirkreatif.net\/woodmart\/wp-content\/uploads\/2025\/01\/aciklama-banner-1.jpg 1200w, https:\/\/safirkreatif.net\/woodmart\/wp-content\/uploads\/2025\/01\/aciklama-banner-1-150x75.jpg 150w, https:\/\/safirkreatif.net\/woodmart\/wp-content\/uploads\/2025\/01\/aciklama-banner-1-300x150.jpg 300w, https:\/\/safirkreatif.net\/woodmart\/wp-content\/uploads\/2025\/01\/aciklama-banner-1-1024x512.jpg 1024w, https:\/\/safirkreatif.net\/woodmart\/wp-content\/uploads\/2025\/01\/aciklama-banner-1-768x384.jpg 768w\" sizes=\"(max-width: 1200px) 100vw, 1200px\" \/>\t\t\t\t\t\t\t\t\t\t\t\t\t\t\t<\/div>\n\t\t\t\t<\/div>\n\t\t\t\t<\/div>\n\t\t\t\t\t<\/div>\n\t\t\t\t<\/div>\n\t\t<div class=\"wd-negative-gap elementor-element elementor-element-8bb34bb wd-section-stretch e-flex e-con-boxed e-con e-parent\" data-id=\"8bb34bb\" data-element_type=\"container\">\n\t\t\t\t\t<div class=\"e-con-inner\">\n\t\t<div class=\"elementor-element elementor-element-ee36cba e-con-full e-flex e-con e-child\" data-id=\"ee36cba\" data-element_type=\"container\" data-settings=\"{&quot;background_background&quot;:&quot;classic&quot;}\">\n\t\t\t\t<div class=\"elementor-element elementor-element-c338010 elementor-widget elementor-widget-heading\" data-id=\"c338010\" data-element_type=\"widget\" data-widget_type=\"heading.default\">\n\t\t\t\t<div class=\"elementor-widget-container\">\n\t\t\t\t\t<h2 class=\"elementor-heading-title elementor-size-default\">SUP Modu<\/h2>\t\t\t\t<\/div>\n\t\t\t\t<\/div>\n\t\t\t\t<div class=\"elementor-element elementor-element-7360d45 color-scheme-inherit text-left elementor-widget elementor-widget-text-editor\" data-id=\"7360d45\" data-element_type=\"widget\" data-widget_type=\"text-editor.default\">\n\t\t\t\t<div class=\"elementor-widget-container\">\n\t\t\t\t\t\t\t\t\t10-20 PSI aras\u0131nda ayarlanabilir 12 PSI varsay\u0131lan bas\u0131n\u00e7la bu mod, SUP&#8217;lar ve di\u011fer \u015fi\u015firilebilir \u00fcr\u00fcnler i\u00e7in tasarlanm\u0131\u015ft\u0131r.\t\t\t\t\t\t\t\t<\/div>\n\t\t\t\t<\/div>\n\t\t\t\t<\/div>\n\t\t<div class=\"elementor-element elementor-element-7489c6a e-con-full e-flex e-con e-child\" data-id=\"7489c6a\" data-element_type=\"container\">\n\t\t\t\t<div class=\"elementor-element elementor-element-81d3435 elementor-widget elementor-widget-video\" data-id=\"81d3435\" data-element_type=\"widget\" data-settings=\"{&quot;video_type&quot;:&quot;hosted&quot;,&quot;autoplay&quot;:&quot;yes&quot;,&quot;play_on_mobile&quot;:&quot;yes&quot;,&quot;mute&quot;:&quot;yes&quot;,&quot;loop&quot;:&quot;yes&quot;}\" data-widget_type=\"video.default\">\n\t\t\t\t<div class=\"elementor-widget-container\">\n\t\t\t\t\t\t\t<div class=\"e-hosted-video elementor-wrapper elementor-open-inline\">\n\t\t\t\t\t<video class=\"elementor-video\" src=\"https:\/\/safirkreatif.net\/woodmart\/wp-content\/uploads\/2025\/01\/video-1.mp4\" autoplay=\"\" loop=\"\" muted=\"muted\" playsinline=\"\" controlsList=\"nodownload\"><\/video>\n\t\t\t\t<\/div>\n\t\t\t\t\t\t<\/div>\n\t\t\t\t<\/div>\n\t\t\t\t<\/div>\n\t\t\t\t\t<\/div>\n\t\t\t\t<\/div>\n\t\t<div class=\"wd-negative-gap elementor-element elementor-element-8db9f2d wd-section-stretch e-flex e-con-boxed e-con e-parent\" data-id=\"8db9f2d\" data-element_type=\"container\">\n\t\t\t\t\t<div class=\"e-con-inner\">\n\t\t<div class=\"elementor-element elementor-element-cbbb0be e-con-full e-flex e-con e-child\" data-id=\"cbbb0be\" data-element_type=\"container\" data-settings=\"{&quot;background_background&quot;:&quot;classic&quot;}\">\n\t\t\t\t<div class=\"elementor-element elementor-element-4db0121 elementor-widget elementor-widget-heading\" data-id=\"4db0121\" data-element_type=\"widget\" data-widget_type=\"heading.default\">\n\t\t\t\t<div class=\"elementor-widget-container\">\n\t\t\t\t\t<h2 class=\"elementor-heading-title elementor-size-default\">U\u00e7urtma Modu<\/h2>\t\t\t\t<\/div>\n\t\t\t\t<\/div>\n\t\t\t\t<div class=\"elementor-element elementor-element-1a07193 color-scheme-inherit text-left elementor-widget elementor-widget-text-editor\" data-id=\"1a07193\" data-element_type=\"widget\" data-widget_type=\"text-editor.default\">\n\t\t\t\t<div class=\"elementor-widget-container\">\n\t\t\t\t\t\t\t\t\t4,5 ila 7 PSI aras\u0131nda de\u011fi\u015fen ayarlamalarla varsay\u0131lan 6 PSI bas\u0131nca ayarlanan bu mod, \u00f6zellikle bu bas\u0131n\u00e7 aral\u0131\u011f\u0131ndaki u\u00e7urtmalar ve di\u011fer \u015fi\u015firilebilir \u00fcr\u00fcnler i\u00e7in tasarlanm\u0131\u015ft\u0131r.\t\t\t\t\t\t\t\t<\/div>\n\t\t\t\t<\/div>\n\t\t\t\t<\/div>\n\t\t<div class=\"elementor-element elementor-element-1288348 e-con-full e-flex e-con e-child\" data-id=\"1288348\" data-element_type=\"container\">\n\t\t\t\t<div class=\"elementor-element elementor-element-4407849 elementor-widget elementor-widget-video\" data-id=\"4407849\" data-element_type=\"widget\" data-settings=\"{&quot;video_type&quot;:&quot;hosted&quot;,&quot;autoplay&quot;:&quot;yes&quot;,&quot;play_on_mobile&quot;:&quot;yes&quot;,&quot;mute&quot;:&quot;yes&quot;,&quot;loop&quot;:&quot;yes&quot;}\" data-widget_type=\"video.default\">\n\t\t\t\t<div class=\"elementor-widget-container\">\n\t\t\t\t\t\t\t<div class=\"e-hosted-video elementor-wrapper elementor-open-inline\">\n\t\t\t\t\t<video class=\"elementor-video\" src=\"https:\/\/safirkreatif.net\/woodmart\/wp-content\/uploads\/2025\/01\/Video-2.mp4\" autoplay=\"\" loop=\"\" muted=\"muted\" playsinline=\"\" controlsList=\"nodownload\"><\/video>\n\t\t\t\t<\/div>\n\t\t\t\t\t\t<\/div>\n\t\t\t\t<\/div>\n\t\t\t\t<\/div>\n\t\t\t\t\t<\/div>\n\t\t\t\t<\/div>\n\t\t<div class=\"wd-negative-gap elementor-element elementor-element-009a8da wd-section-stretch e-flex e-con-boxed e-con e-parent\" data-id=\"009a8da\" data-element_type=\"container\">\n\t\t\t\t\t<div class=\"e-con-inner\">\n\t\t<div class=\"elementor-element elementor-element-9116e9d e-con-full e-flex e-con e-child\" data-id=\"9116e9d\" data-element_type=\"container\" data-settings=\"{&quot;background_background&quot;:&quot;classic&quot;}\">\n\t\t\t\t<div class=\"elementor-element elementor-element-b0cedc4 elementor-widget elementor-widget-heading\" data-id=\"b0cedc4\" data-element_type=\"widget\" data-widget_type=\"heading.default\">\n\t\t\t\t<div class=\"elementor-widget-container\">\n\t\t\t\t\t<h2 class=\"elementor-heading-title elementor-size-default\">\u00c7ad\u0131r Modu<\/h2>\t\t\t\t<\/div>\n\t\t\t\t<\/div>\n\t\t\t\t<div class=\"elementor-element elementor-element-e7c6ab8 color-scheme-inherit text-left elementor-widget elementor-widget-text-editor\" data-id=\"e7c6ab8\" data-element_type=\"widget\" data-widget_type=\"text-editor.default\">\n\t\t\t\t<div class=\"elementor-widget-container\">\n\t\t\t\t\t\t\t\t\t\u00d6zellikle hava \u00e7ad\u0131rlar\u0131 i\u00e7in tasarlanan bu mod, 4,5 ila 8 PSI aras\u0131nda ayarlanabilir varsay\u0131lan 6,5 PSI bas\u0131n\u00e7 sunar. 10&#8242; x 7,5&#8242; x 6,6&#8242; hava \u00e7ad\u0131r\u0131n\u0131z\u0131 sadece 3 dakikada \u015fi\u015firin.\t\t\t\t\t\t\t\t<\/div>\n\t\t\t\t<\/div>\n\t\t\t\t<\/div>\n\t\t<div class=\"elementor-element elementor-element-b88cabd e-con-full e-flex e-con e-child\" data-id=\"b88cabd\" data-element_type=\"container\">\n\t\t\t\t<div class=\"elementor-element elementor-element-b07af5d elementor-widget elementor-widget-video\" data-id=\"b07af5d\" data-element_type=\"widget\" data-settings=\"{&quot;video_type&quot;:&quot;hosted&quot;,&quot;autoplay&quot;:&quot;yes&quot;,&quot;play_on_mobile&quot;:&quot;yes&quot;,&quot;mute&quot;:&quot;yes&quot;,&quot;loop&quot;:&quot;yes&quot;}\" data-widget_type=\"video.default\">\n\t\t\t\t<div class=\"elementor-widget-container\">\n\t\t\t\t\t\t\t<div class=\"e-hosted-video elementor-wrapper elementor-open-inline\">\n\t\t\t\t\t<video class=\"elementor-video\" src=\"https:\/\/safirkreatif.net\/woodmart\/wp-content\/uploads\/2025\/01\/Video-3.mp4\" autoplay=\"\" loop=\"\" muted=\"muted\" playsinline=\"\" controlsList=\"nodownload\"><\/video>\n\t\t\t\t<\/div>\n\t\t\t\t\t\t<\/div>\n\t\t\t\t<\/div>\n\t\t\t\t<\/div>\n\t\t\t\t\t<\/div>\n\t\t\t\t<\/div>\n\t\t\t\t<\/div>\n\t\t","protected":false},"excerpt":{"rendered":"<p><strong>Hepsi Bir Arada \u015ei\u015firme \u00c7\u00f6z\u00fcm\u00fcn\u00fcz<\/strong><\/p>\n<p>Zetta 138 SUP Pompas\u0131, \u015f\u0131k ve kompakt bir tasar\u0131mda rahatl\u0131\u011f\u0131, \u00e7ok y\u00f6nl\u00fcl\u00fc\u011f\u00fc ve verimlili\u011fi bir araya getirir. \u00c7ok modlu i\u015flevselli\u011fe sahip olan bu pompa, k\u00fcrek tahtalar\u0131, u\u00e7urtmalar, hava \u00e7ad\u0131rlar\u0131 ve daha fazlas\u0131 i\u00e7in uzmanca tasarlanm\u0131\u015ft\u0131r ve t\u00fcm a\u00e7\u0131k hava maceralar\u0131n\u0131z i\u00e7in h\u0131zl\u0131, eller serbest \u015fi\u015firme sa\u011flar.<\/p>\n","protected":false},"featured_media":1265,"comment_status":"open","ping_status":"closed","template":"","meta":[],"product_cat":[60,59,58,65],"product_tag":[],"class_list":{"0":"post-1264","1":"product","2":"type-product","3":"status-publish","4":"has-post-thumbnail","6":"product_cat-havuz-ekipmanlari-aksesuarlari","7":"product_cat-offroad","8":"product_cat-outdoor-kamp","9":"product_cat-sarjli-pompa","11":"first","12":"instock","13":"sale","14":"shipping-taxable","15":"purchasable","16":"product-type-simple"},"_links":{"self":[{"href":"https:\/\/safirkreatif.net\/woodmart\/wp-json\/wp\/v2\/product\/1264","targetHints":{"allow":["GET"]}}],"collection":[{"href":"https:\/\/safirkreatif.net\/woodmart\/wp-json\/wp\/v2\/product"}],"about":[{"href":"https:\/\/safirkreatif.net\/woodmart\/wp-json\/wp\/v2\/types\/product"}],"replies":[{"embeddable":true,"href":"https:\/\/safirkreatif.net\/woodmart\/wp-json\/wp\/v2\/comments?post=1264"}],"version-history":[{"count":8,"href":"https:\/\/safirkreatif.net\/woodmart\/wp-json\/wp\/v2\/product\/1264\/revisions"}],"predecessor-version":[{"id":1924,"href":"https:\/\/safirkreatif.net\/woodmart\/wp-json\/wp\/v2\/product\/1264\/revisions\/1924"}],"wp:featuredmedia":[{"embeddable":true,"href":"https:\/\/safirkreatif.net\/woodmart\/wp-json\/wp\/v2\/media\/1265"}],"wp:attachment":[{"href":"https:\/\/safirkreatif.net\/woodmart\/wp-json\/wp\/v2\/media?parent=1264"}],"wp:term":[{"taxonomy":"product_cat","embeddable":true,"href":"https:\/\/safirkreatif.net\/woodmart\/wp-json\/wp\/v2\/product_cat?post=1264"},{"taxonomy":"product_tag","embeddable":true,"href":"https:\/\/safirkreatif.net\/woodmart\/wp-json\/wp\/v2\/product_tag?post=1264"}],"curies":[{"name":"wp","href":"https:\/\/api.w.org\/{rel}","templated":true}]}}