{"id":1294,"date":"2025-01-08T12:55:02","date_gmt":"2025-01-08T09:55:02","guid":{"rendered":"https:\/\/safirkreatif.net\/woodmart\/?post_type=product&#038;p=1294"},"modified":"2025-01-12T20:17:39","modified_gmt":"2025-01-12T17:17:39","slug":"aerogogo-giga-pump-vista","status":"publish","type":"product","link":"https:\/\/safirkreatif.net\/woodmart\/urun\/aerogogo-giga-pump-vista\/","title":{"rendered":"Aerogogo GIGA Pump Vista"},"content":{"rendered":"\t\t<div data-elementor-type=\"wp-post\" data-elementor-id=\"1294\" class=\"elementor elementor-1294\">\n\t\t\t\t<div class=\"wd-negative-gap elementor-element elementor-element-d3a0d3b wd-section-stretch e-flex e-con-boxed e-con e-parent\" data-id=\"d3a0d3b\" data-element_type=\"container\" data-settings=\"{&quot;background_background&quot;:&quot;classic&quot;}\">\n\t\t\t\t\t<div class=\"e-con-inner\">\n\t\t<div class=\"elementor-element elementor-element-ac831ed e-con-full e-flex e-con e-child\" data-id=\"ac831ed\" data-element_type=\"container\">\n\t\t<div class=\"elementor-element elementor-element-dc1597a e-con-full e-flex e-con e-child\" data-id=\"dc1597a\" data-element_type=\"container\">\n\t\t\t\t<div class=\"elementor-element elementor-element-0448d40 elementor-widget elementor-widget-heading\" data-id=\"0448d40\" data-element_type=\"widget\" data-widget_type=\"heading.default\">\n\t\t\t\t<div class=\"elementor-widget-container\">\n\t\t\t\t\t<h2 class=\"elementor-heading-title elementor-size-default\">Zahmetsiz ve \u00c7ok Y\u00f6nl\u00fc \u015ei\u015firme<\/h2>\t\t\t\t<\/div>\n\t\t\t\t<\/div>\n\t\t\t\t<div class=\"elementor-element elementor-element-29f3a6b color-scheme-inherit text-left elementor-widget elementor-widget-text-editor\" data-id=\"29f3a6b\" data-element_type=\"widget\" data-widget_type=\"text-editor.default\">\n\t\t\t\t<div class=\"elementor-widget-container\">\n\t\t\t\t\t\t\t\t\t<p>Her \u015feyi halledecek \u015fekilde tasarlanm\u0131\u015ft\u0131r &#8211; ev, seyahat ve a\u00e7\u0131k hava maceralar\u0131 i\u00e7in m\u00fckemmel bir arkada\u015ft\u0131r. T\u00fcm \u015fi\u015firme ihtiya\u00e7lar\u0131n\u0131z i\u00e7in tek bir cihaza sahip olman\u0131n rahatl\u0131\u011f\u0131n\u0131 ya\u015fay\u0131n!<\/p>\t\t\t\t\t\t\t\t<\/div>\n\t\t\t\t<\/div>\n\t\t\t\t<div class=\"elementor-element elementor-element-7b7d183 color-scheme-inherit text-left elementor-widget elementor-widget-text-editor\" data-id=\"7b7d183\" data-element_type=\"widget\" data-widget_type=\"text-editor.default\">\n\t\t\t\t<div class=\"elementor-widget-container\">\n\t\t\t\t\t\t\t\t\t<p><span style=\"font-size: 16px; text-align: var(--text-align);\"><b>Zahmetsiz ve \u00c7ok Y\u00f6nl\u00fc \u015ei\u015firme \u0130\u00e7in Ba\u015fvuraca\u011f\u0131n\u0131z Ara\u00e7<br \/><\/b><\/span>Her \u015feyi halledecek \u015fekilde tasarlanm\u0131\u015ft\u0131r &#8211; ev, seyahat ve a\u00e7\u0131k hava maceralar\u0131 i\u00e7in m\u00fckemmel bir arkada\u015ft\u0131r. T\u00fcm \u015fi\u015firme ihtiya\u00e7lar\u0131n\u0131z i\u00e7in tek bir cihaza sahip olman\u0131n rahatl\u0131\u011f\u0131n\u0131 ya\u015fay\u0131n!<br \/><br \/><span style=\"font-size: 16px; text-align: var(--text-align);\"><b>7+N Ak\u0131ll\u0131 Mod<br \/><\/b><\/span>Vista&#8217;da 7+N Ak\u0131ll\u0131 Mod ve Her \u0130htiyaca Uygun \u00d6zel \u015ei\u015firme \u00f6zelli\u011fi bulunur. \u0130ster lastikleri, ister SUP&#8217;leri, hava yataklar\u0131n\u0131 veya di\u011fer \u015fi\u015firilebilir \u00fcr\u00fcnleri \u015fi\u015firin, bu pompa her senaryo i\u00e7in zahmetsiz, hassas ve \u00e7ok y\u00f6nl\u00fc performans sunar.<br \/><br \/><span style=\"font-size: 16px; text-align: var(--text-align);\"><b>Daha Y\u00fcksek H\u0131z ve Daha Y\u00fcksek G\u00fc\u00e7<br \/><\/b><\/span>Vista, e\u015fsiz h\u0131z ve g\u00fcc\u00fc tek bir cihazda birle\u015ftirir. H\u0131zl\u0131 \u015fi\u015firmeden hassas y\u00fcksek bas\u0131n\u00e7 ihtiya\u00e7lar\u0131na kadar her g\u00f6revi halledecek \u015fekilde tasarlanm\u0131\u015ft\u0131r.<\/p>\t\t\t\t\t\t\t\t<\/div>\n\t\t\t\t<\/div>\n\t\t\t\t<\/div>\n\t\t<div class=\"elementor-element elementor-element-d993919 e-con-full e-flex e-con e-child\" data-id=\"d993919\" data-element_type=\"container\">\n\t\t\t\t<div class=\"elementor-element elementor-element-19e88fa color-scheme-inherit text-left elementor-widget elementor-widget-text-editor\" data-id=\"19e88fa\" data-element_type=\"widget\" data-widget_type=\"text-editor.default\">\n\t\t\t\t<div class=\"elementor-widget-container\">\n\t\t\t\t\t\t\t\t\t<p><strong>\u00c7ift Pompal\u0131 Yenilik<br \/><\/strong>Vista, geli\u015fmi\u015f \u00e7ift pompal\u0131 sistemiyle performans\u0131 yeniden tan\u0131ml\u0131yor. Santrif\u00fcjl\u00fc bir pompa 300L\/dk&#8217;da g\u00fc\u00e7l\u00fc hava ak\u0131\u015f\u0131 sa\u011flarken, pistonlu bir pompa 150 PSI&#8217;ye kadar y\u00fcksek bas\u0131n\u00e7l\u0131 \u015fi\u015firme sa\u011flar.<\/p><p><strong>Zahmetsiz Kontrol<\/strong><br \/>Vista, hassas \u015fi\u015firme i\u00e7in ayarlar\u0131 kolayca ayarlaman\u0131za ve izlemenize olanak tan\u0131yan sezgisel d\u00fc\u011fmelere ve ak\u0131ll\u0131 bir LED ekrana sahiptir. Otomatik kapanma i\u015flevi, \u015fi\u015firmeyi \u00f6nceden ayarlad\u0131\u011f\u0131n\u0131z seviyede durdurarak g\u00fcvenli\u011fi sa\u011flar.<\/p><p><strong>Ate\u015f \u00dcfleyici \u0130\u015flevi<\/strong><br \/>G\u00fc\u00e7l\u00fc hava ak\u0131\u015f\u0131, ate\u015f \u00fcfleyici olarak da kullan\u0131labilir ve kamp ate\u015flerini kolayca yakmak i\u00e7in m\u00fckemmeldir. Macerac\u0131lar ve a\u00e7\u0131k hava merakl\u0131lar\u0131 i\u00e7in olmazsa olmaz!<\/p><p><strong>G\u00fc\u00e7l\u00fc 500LM I\u015f\u0131k<\/strong><br \/>\u0130ster acil durumlarla kar\u015f\u0131 kar\u015f\u0131ya olun, ister d\u00fc\u015f\u00fck \u0131\u015f\u0131k ko\u015fullar\u0131nda g\u00f6revlerle ilgileniyor olun, bu parlak, g\u00fcvenilir \u0131\u015f\u0131k haz\u0131rl\u0131kl\u0131 kalman\u0131z\u0131 ve kontrol\u00fc elinizde tutman\u0131z\u0131 sa\u011flar.\u00a0<\/p>\t\t\t\t\t\t\t\t<\/div>\n\t\t\t\t<\/div>\n\t\t\t\t<\/div>\n\t\t\t\t<\/div>\n\t\t<div class=\"elementor-element elementor-element-fb976c9 e-con-full e-flex e-con e-child\" data-id=\"fb976c9\" data-element_type=\"container\">\n\t\t\t\t<div class=\"elementor-element elementor-element-f1a814b elementor-widget elementor-widget-video\" data-id=\"f1a814b\" data-element_type=\"widget\" data-settings=\"{&quot;youtube_url&quot;:&quot;https:\\\/\\\/www.youtube.com\\\/watch?v=iN3lR6RrT9Y&quot;,&quot;autoplay&quot;:&quot;yes&quot;,&quot;play_on_mobile&quot;:&quot;yes&quot;,&quot;mute&quot;:&quot;yes&quot;,&quot;loop&quot;:&quot;yes&quot;,&quot;video_type&quot;:&quot;youtube&quot;,&quot;controls&quot;:&quot;yes&quot;}\" data-widget_type=\"video.default\">\n\t\t\t\t<div class=\"elementor-widget-container\">\n\t\t\t\t\t\t\t<div class=\"elementor-wrapper elementor-open-inline\">\n\t\t\t<div class=\"elementor-video\"><\/div>\t\t<\/div>\n\t\t\t\t\t\t<\/div>\n\t\t\t\t<\/div>\n\t\t\t\t<\/div>\n\t\t<div class=\"elementor-element elementor-element-2172ad7 e-con-full e-flex e-con e-child\" data-id=\"2172ad7\" data-element_type=\"container\">\n\t\t\t\t<div class=\"elementor-element elementor-element-904fb37 elementor-widget elementor-widget-image\" data-id=\"904fb37\" data-element_type=\"widget\" data-widget_type=\"image.default\">\n\t\t\t\t<div class=\"elementor-widget-container\">\n\t\t\t\t\t\t\t\t\t\t\t\t\t\t\t<img fetchpriority=\"high\" decoding=\"async\" width=\"1200\" height=\"600\" src=\"https:\/\/safirkreatif.net\/woodmart\/wp-content\/uploads\/2025\/01\/1_5_6c8a1a15-2503-41c3-9fc9-353243d68f10.webp\" class=\"attachment-2048x2048 size-2048x2048 wp-image-1491\" alt=\"\" srcset=\"https:\/\/safirkreatif.net\/woodmart\/wp-content\/uploads\/2025\/01\/1_5_6c8a1a15-2503-41c3-9fc9-353243d68f10.webp 1200w, https:\/\/safirkreatif.net\/woodmart\/wp-content\/uploads\/2025\/01\/1_5_6c8a1a15-2503-41c3-9fc9-353243d68f10-150x75.webp 150w, https:\/\/safirkreatif.net\/woodmart\/wp-content\/uploads\/2025\/01\/1_5_6c8a1a15-2503-41c3-9fc9-353243d68f10-300x150.webp 300w, https:\/\/safirkreatif.net\/woodmart\/wp-content\/uploads\/2025\/01\/1_5_6c8a1a15-2503-41c3-9fc9-353243d68f10-1024x512.webp 1024w, https:\/\/safirkreatif.net\/woodmart\/wp-content\/uploads\/2025\/01\/1_5_6c8a1a15-2503-41c3-9fc9-353243d68f10-768x384.webp 768w\" sizes=\"(max-width: 1200px) 100vw, 1200px\" \/>\t\t\t\t\t\t\t\t\t\t\t\t\t\t\t<\/div>\n\t\t\t\t<\/div>\n\t\t\t\t<\/div>\n\t\t\t\t\t<\/div>\n\t\t\t\t<\/div>\n\t\t<div class=\"wd-negative-gap elementor-element elementor-element-8bb34bb wd-section-stretch e-flex e-con-boxed e-con e-parent\" data-id=\"8bb34bb\" data-element_type=\"container\">\n\t\t\t\t\t<div class=\"e-con-inner\">\n\t\t<div class=\"elementor-element elementor-element-ee36cba e-con-full e-flex e-con e-child\" data-id=\"ee36cba\" data-element_type=\"container\" data-settings=\"{&quot;background_background&quot;:&quot;classic&quot;}\">\n\t\t\t\t<div class=\"elementor-element elementor-element-c338010 elementor-widget elementor-widget-heading\" data-id=\"c338010\" data-element_type=\"widget\" data-widget_type=\"heading.default\">\n\t\t\t\t<div class=\"elementor-widget-container\">\n\t\t\t\t\t<h2 class=\"elementor-heading-title elementor-size-default\">7+N Ak\u0131ll\u0131 Mod<\/h2>\t\t\t\t<\/div>\n\t\t\t\t<\/div>\n\t\t\t\t<div class=\"elementor-element elementor-element-7360d45 color-scheme-inherit text-left elementor-widget elementor-widget-text-editor\" data-id=\"7360d45\" data-element_type=\"widget\" data-widget_type=\"text-editor.default\">\n\t\t\t\t<div class=\"elementor-widget-container\">\n\t\t\t\t\t\t\t\t\t<p>Vista&#8217;da 7+N Ak\u0131ll\u0131 Mod ve Her \u0130htiyaca Uygun \u00d6zel \u015ei\u015firme \u00f6zelli\u011fi bulunur. \u0130ster lastikleri, ister SUP&#8217;leri, hava yataklar\u0131n\u0131 veya di\u011fer \u015fi\u015firilebilir \u00fcr\u00fcnleri \u015fi\u015firin, bu pompa her senaryo i\u00e7in zahmetsiz, hassas ve \u00e7ok y\u00f6nl\u00fc performans sunar.<\/p>\t\t\t\t\t\t\t\t<\/div>\n\t\t\t\t<\/div>\n\t\t\t\t<\/div>\n\t\t<div class=\"elementor-element elementor-element-7489c6a e-con-full e-flex e-con e-child\" data-id=\"7489c6a\" data-element_type=\"container\">\n\t\t\t\t<div class=\"elementor-element elementor-element-86d628e elementor-widget elementor-widget-image\" data-id=\"86d628e\" data-element_type=\"widget\" data-widget_type=\"image.default\">\n\t\t\t\t<div class=\"elementor-widget-container\">\n\t\t\t\t\t\t\t\t\t\t\t\t\t\t\t<img decoding=\"async\" width=\"1024\" height=\"512\" src=\"https:\/\/safirkreatif.net\/woodmart\/wp-content\/uploads\/2025\/01\/2_6-1-1024x512.webp\" class=\"attachment-large size-large wp-image-1493\" alt=\"\" srcset=\"https:\/\/safirkreatif.net\/woodmart\/wp-content\/uploads\/2025\/01\/2_6-1-1024x512.webp 1024w, https:\/\/safirkreatif.net\/woodmart\/wp-content\/uploads\/2025\/01\/2_6-1-150x75.webp 150w, https:\/\/safirkreatif.net\/woodmart\/wp-content\/uploads\/2025\/01\/2_6-1-300x150.webp 300w, https:\/\/safirkreatif.net\/woodmart\/wp-content\/uploads\/2025\/01\/2_6-1-768x384.webp 768w, https:\/\/safirkreatif.net\/woodmart\/wp-content\/uploads\/2025\/01\/2_6-1.webp 1200w\" sizes=\"(max-width: 1024px) 100vw, 1024px\" \/>\t\t\t\t\t\t\t\t\t\t\t\t\t\t\t<\/div>\n\t\t\t\t<\/div>\n\t\t\t\t<\/div>\n\t\t\t\t\t<\/div>\n\t\t\t\t<\/div>\n\t\t<div class=\"wd-negative-gap elementor-element elementor-element-8db9f2d wd-section-stretch e-flex e-con-boxed e-con e-parent\" data-id=\"8db9f2d\" data-element_type=\"container\">\n\t\t\t\t\t<div class=\"e-con-inner\">\n\t\t<div class=\"elementor-element elementor-element-cbbb0be e-con-full e-flex e-con e-child\" data-id=\"cbbb0be\" data-element_type=\"container\" data-settings=\"{&quot;background_background&quot;:&quot;classic&quot;}\">\n\t\t\t\t<div class=\"elementor-element elementor-element-4db0121 elementor-widget elementor-widget-heading\" data-id=\"4db0121\" data-element_type=\"widget\" data-widget_type=\"heading.default\">\n\t\t\t\t<div class=\"elementor-widget-container\">\n\t\t\t\t\t<h2 class=\"elementor-heading-title elementor-size-default\">Daha Y\u00fcksek H\u0131z ve Daha Y\u00fcksek G\u00fc\u00e7<\/h2>\t\t\t\t<\/div>\n\t\t\t\t<\/div>\n\t\t\t\t<div class=\"elementor-element elementor-element-1a07193 color-scheme-inherit text-left elementor-widget elementor-widget-text-editor\" data-id=\"1a07193\" data-element_type=\"widget\" data-widget_type=\"text-editor.default\">\n\t\t\t\t<div class=\"elementor-widget-container\">\n\t\t\t\t\t\t\t\t\t<p><span style=\"color: #32312f; font-family: helvetica-w01-roman, sans-serif; font-size: 16px; font-style: normal; font-variant-ligatures: normal; font-variant-caps: normal; font-weight: 400;\">Vista, e\u015fsiz h\u0131z ve g\u00fcc\u00fc tek bir cihazda birle\u015ftirir. H\u0131zl\u0131 \u015fi\u015firmeden hassas y\u00fcksek bas\u0131n\u00e7 ihtiya\u00e7lar\u0131na kadar her g\u00f6revi halledecek \u015fekilde tasarlanm\u0131\u015ft\u0131r.<\/span><\/p>\t\t\t\t\t\t\t\t<\/div>\n\t\t\t\t<\/div>\n\t\t\t\t<\/div>\n\t\t<div class=\"elementor-element elementor-element-1288348 e-con-full e-flex e-con e-child\" data-id=\"1288348\" data-element_type=\"container\">\n\t\t\t\t<div class=\"elementor-element elementor-element-4407849 elementor-widget elementor-widget-video\" data-id=\"4407849\" data-element_type=\"widget\" data-settings=\"{&quot;video_type&quot;:&quot;hosted&quot;,&quot;autoplay&quot;:&quot;yes&quot;,&quot;play_on_mobile&quot;:&quot;yes&quot;,&quot;mute&quot;:&quot;yes&quot;,&quot;loop&quot;:&quot;yes&quot;}\" data-widget_type=\"video.default\">\n\t\t\t\t<div class=\"elementor-widget-container\">\n\t\t\t\t\t\t\t<div class=\"e-hosted-video elementor-wrapper elementor-open-inline\">\n\t\t\t\t\t<video class=\"elementor-video\" src=\"https:\/\/safirkreatif.net\/woodmart\/wp-content\/uploads\/2025\/01\/2d238adfcb074892a23ef4759858366f.SD-480p-1.2Mbps-38324228-1.mp4\" autoplay=\"\" loop=\"\" muted=\"muted\" playsinline=\"\" controlsList=\"nodownload\"><\/video>\n\t\t\t\t<\/div>\n\t\t\t\t\t\t<\/div>\n\t\t\t\t<\/div>\n\t\t\t\t<\/div>\n\t\t\t\t\t<\/div>\n\t\t\t\t<\/div>\n\t\t<div class=\"wd-negative-gap elementor-element elementor-element-009a8da wd-section-stretch e-flex e-con-boxed e-con e-parent\" data-id=\"009a8da\" data-element_type=\"container\">\n\t\t\t\t\t<div class=\"e-con-inner\">\n\t\t<div class=\"elementor-element elementor-element-9116e9d e-con-full e-flex e-con e-child\" data-id=\"9116e9d\" data-element_type=\"container\" data-settings=\"{&quot;background_background&quot;:&quot;classic&quot;}\">\n\t\t\t\t<div class=\"elementor-element elementor-element-b0cedc4 elementor-widget elementor-widget-heading\" data-id=\"b0cedc4\" data-element_type=\"widget\" data-widget_type=\"heading.default\">\n\t\t\t\t<div class=\"elementor-widget-container\">\n\t\t\t\t\t<h2 class=\"elementor-heading-title elementor-size-default\">\u00c7ift Pompal\u0131 Yenilik<\/h2>\t\t\t\t<\/div>\n\t\t\t\t<\/div>\n\t\t\t\t<div class=\"elementor-element elementor-element-e7c6ab8 color-scheme-inherit text-left elementor-widget elementor-widget-text-editor\" data-id=\"e7c6ab8\" data-element_type=\"widget\" data-widget_type=\"text-editor.default\">\n\t\t\t\t<div class=\"elementor-widget-container\">\n\t\t\t\t\t\t\t\t\t<p>Vista, geli\u015fmi\u015f \u00e7ift pompal\u0131 sistemiyle performans\u0131 yeniden tan\u0131ml\u0131yor. Santrif\u00fcjl\u00fc bir pompa 300L\/dk&#8217;da g\u00fc\u00e7l\u00fc hava ak\u0131\u015f\u0131 sa\u011flarken, pistonlu bir pompa 150 PSI&#8217;ye kadar y\u00fcksek bas\u0131n\u00e7l\u0131 \u015fi\u015firme sa\u011flar.<\/p>\t\t\t\t\t\t\t\t<\/div>\n\t\t\t\t<\/div>\n\t\t\t\t<\/div>\n\t\t<div class=\"elementor-element elementor-element-b88cabd e-con-full e-flex e-con e-child\" data-id=\"b88cabd\" data-element_type=\"container\">\n\t\t\t\t<div class=\"elementor-element elementor-element-b07af5d elementor-widget elementor-widget-video\" data-id=\"b07af5d\" data-element_type=\"widget\" data-settings=\"{&quot;video_type&quot;:&quot;hosted&quot;,&quot;autoplay&quot;:&quot;yes&quot;,&quot;play_on_mobile&quot;:&quot;yes&quot;,&quot;mute&quot;:&quot;yes&quot;,&quot;loop&quot;:&quot;yes&quot;}\" data-widget_type=\"video.default\">\n\t\t\t\t<div class=\"elementor-widget-container\">\n\t\t\t\t\t\t\t<div class=\"e-hosted-video elementor-wrapper elementor-open-inline\">\n\t\t\t\t\t<video class=\"elementor-video\" src=\"https:\/\/safirkreatif.net\/woodmart\/wp-content\/uploads\/2025\/01\/d007ee2212224abd80f12997a3f51271.SD-480p-1.5Mbps-38370778.mp4\" autoplay=\"\" loop=\"\" muted=\"muted\" playsinline=\"\" controlsList=\"nodownload\"><\/video>\n\t\t\t\t<\/div>\n\t\t\t\t\t\t<\/div>\n\t\t\t\t<\/div>\n\t\t\t\t<\/div>\n\t\t\t\t\t<\/div>\n\t\t\t\t<\/div>\n\t\t\t\t<\/div>\n\t\t","protected":false},"excerpt":{"rendered":"<p><strong>Zahmetsiz ve \u00c7ok Y\u00f6nl\u00fc \u015ei\u015firme \u0130\u00e7in Ba\u015fvuraca\u011f\u0131n\u0131z Ara\u00e7<\/strong><\/p>\n<p>Her \u015feyi halledecek \u015fekilde tasarlanm\u0131\u015ft\u0131r &#8211; ev, seyahat ve a\u00e7\u0131k hava maceralar\u0131 i\u00e7in m\u00fckemmel bir arkada\u015ft\u0131r. T\u00fcm \u015fi\u015firme ihtiya\u00e7lar\u0131n\u0131z i\u00e7in tek bir cihaza sahip olman\u0131n rahatl\u0131\u011f\u0131n\u0131 ya\u015fay\u0131n!<\/p>\n","protected":false},"featured_media":1917,"comment_status":"open","ping_status":"closed","template":"","meta":[],"product_cat":[59,58,65],"product_tag":[],"class_list":{"0":"post-1294","1":"product","2":"type-product","3":"status-publish","4":"has-post-thumbnail","6":"product_cat-offroad","7":"product_cat-outdoor-kamp","8":"product_cat-sarjli-pompa","10":"first","11":"instock","12":"sale","13":"shipping-taxable","14":"purchasable","15":"product-type-simple"},"_links":{"self":[{"href":"https:\/\/safirkreatif.net\/woodmart\/wp-json\/wp\/v2\/product\/1294","targetHints":{"allow":["GET"]}}],"collection":[{"href":"https:\/\/safirkreatif.net\/woodmart\/wp-json\/wp\/v2\/product"}],"about":[{"href":"https:\/\/safirkreatif.net\/woodmart\/wp-json\/wp\/v2\/types\/product"}],"replies":[{"embeddable":true,"href":"https:\/\/safirkreatif.net\/woodmart\/wp-json\/wp\/v2\/comments?post=1294"}],"version-history":[{"count":8,"href":"https:\/\/safirkreatif.net\/woodmart\/wp-json\/wp\/v2\/product\/1294\/revisions"}],"predecessor-version":[{"id":1921,"href":"https:\/\/safirkreatif.net\/woodmart\/wp-json\/wp\/v2\/product\/1294\/revisions\/1921"}],"wp:featuredmedia":[{"embeddable":true,"href":"https:\/\/safirkreatif.net\/woodmart\/wp-json\/wp\/v2\/media\/1917"}],"wp:attachment":[{"href":"https:\/\/safirkreatif.net\/woodmart\/wp-json\/wp\/v2\/media?parent=1294"}],"wp:term":[{"taxonomy":"product_cat","embeddable":true,"href":"https:\/\/safirkreatif.net\/woodmart\/wp-json\/wp\/v2\/product_cat?post=1294"},{"taxonomy":"product_tag","embeddable":true,"href":"https:\/\/safirkreatif.net\/woodmart\/wp-json\/wp\/v2\/product_tag?post=1294"}],"curies":[{"name":"wp","href":"https:\/\/api.w.org\/{rel}","templated":true}]}}