{"id":1336,"date":"2025-01-08T13:09:32","date_gmt":"2025-01-08T10:09:32","guid":{"rendered":"https:\/\/safirkreatif.net\/woodmart\/?post_type=product&#038;p=1336"},"modified":"2025-01-13T12:16:17","modified_gmt":"2025-01-13T09:16:17","slug":"aerogogo-giga-pump-17","status":"publish","type":"product","link":"https:\/\/safirkreatif.net\/woodmart\/urun\/aerogogo-giga-pump-17\/","title":{"rendered":"Aerogogo GIGA Pump 17"},"content":{"rendered":"\t\t<div data-elementor-type=\"wp-post\" data-elementor-id=\"1336\" class=\"elementor elementor-1336\">\n\t\t\t\t<div class=\"wd-negative-gap elementor-element elementor-element-d3a0d3b wd-section-stretch e-flex e-con-boxed e-con e-parent\" data-id=\"d3a0d3b\" data-element_type=\"container\" data-settings=\"{&quot;background_background&quot;:&quot;classic&quot;}\">\n\t\t\t\t\t<div class=\"e-con-inner\">\n\t\t<div class=\"elementor-element elementor-element-ac831ed e-con-full e-flex e-con e-child\" data-id=\"ac831ed\" data-element_type=\"container\">\n\t\t<div class=\"elementor-element elementor-element-dc1597a e-con-full e-flex e-con e-child\" data-id=\"dc1597a\" data-element_type=\"container\">\n\t\t\t\t<div class=\"elementor-element elementor-element-0448d40 elementor-widget elementor-widget-heading\" data-id=\"0448d40\" data-element_type=\"widget\" data-widget_type=\"heading.default\">\n\t\t\t\t<div class=\"elementor-widget-container\">\n\t\t\t\t\t<h2 class=\"elementor-heading-title elementor-size-default\">Hepsi Bir Arada Hava Pompas\u0131: G\u00fc\u00e7, \u00c7ok Y\u00f6nl\u00fcl\u00fck ve Kolayl\u0131k<\/h2>\t\t\t\t<\/div>\n\t\t\t\t<\/div>\n\t\t\t\t<div class=\"elementor-element elementor-element-29f3a6b color-scheme-inherit text-left elementor-widget elementor-widget-text-editor\" data-id=\"29f3a6b\" data-element_type=\"widget\" data-widget_type=\"text-editor.default\">\n\t\t\t\t<div class=\"elementor-widget-container\">\n\t\t\t\t\t\t\t\t\t\nGP17, t\u00fcm \u015fi\u015firme, s\u00f6nd\u00fcrme, ayd\u0131nlatma ve g\u00fc\u00e7 ihtiya\u00e7lar\u0131n\u0131z i\u00e7in m\u00fckemmel bir \u00e7\u00f6z\u00fcmd\u00fcr. Hassasiyet ve h\u0131zl\u0131 \u015fi\u015firme i\u00e7in 2 seviyeli modlar\u0131yla, kanolardan hava yataklar\u0131na kadar her \u015feyi zahmetsizce halleder.\t\t\t\t\t\t\t\t<\/div>\n\t\t\t\t<\/div>\n\t\t\t\t<div class=\"elementor-element elementor-element-7b7d183 color-scheme-inherit text-left elementor-widget elementor-widget-text-editor\" data-id=\"7b7d183\" data-element_type=\"widget\" data-widget_type=\"text-editor.default\">\n\t\t\t\t<div class=\"elementor-widget-container\">\n\t\t\t\t\t\t\t\t\t<p><strong>2 Seviyeli Modlar: \u00c7ok Y\u00f6nl\u00fc \u015ei\u015firme<\/strong><span style=\"font-size: 16px; text-align: var(--text-align);\">Kontrol i\u00e7in 6 kPa ve 300 L\/dk ile ba\u015flay\u0131n veya h\u0131zl\u0131 \u015fi\u015firme i\u00e7in 17 kPa ve 450 L\/dk&#8217;ya ge\u00e7in. 3 de\u011fi\u015ftirilebilir nozulla donat\u0131lan GP17, kanolardan hava yataklar\u0131na, havuz \u015famand\u0131ralar\u0131ndan y\u00fczme halkalar\u0131na ve \u015fi\u015fme mobilyalara kadar her \u015feyi kolayl\u0131kla halleder.<\/span><\/p><p><strong>E\u015fsiz \u015ei\u015firme Performans\u0131<br \/><\/strong>17 kPa&#8217;ya kadar bas\u0131n\u00e7 ve 450 l\/dk ak\u0131\u015f h\u0131z\u0131yla GP17, en zorlu g\u00f6revlerin bile \u00fcstesinden gelmek i\u00e7in en iyi se\u00e7im haline gelen en \u00fcst d\u00fczey g\u00fc\u00e7 ve verimlilik sunar.<\/p>\t\t\t\t\t\t\t\t<\/div>\n\t\t\t\t<\/div>\n\t\t\t\t<\/div>\n\t\t<div class=\"elementor-element elementor-element-d993919 e-con-full e-flex e-con e-child\" data-id=\"d993919\" data-element_type=\"container\">\n\t\t\t\t<div class=\"elementor-element elementor-element-56a233d color-scheme-inherit text-left elementor-widget elementor-widget-text-editor\" data-id=\"56a233d\" data-element_type=\"widget\" data-widget_type=\"text-editor.default\">\n\t\t\t\t<div class=\"elementor-widget-container\">\n\t\t\t\t\t\t\t\t\t<p><strong>Zahmetsiz S\u00f6nd\u00fcrme<br \/><\/strong>S\u00f6nd\u00fcrme de ayn\u0131 derecede g\u00fc\u00e7l\u00fcd\u00fcr; k\u00f6p\u00fck pedler ve di\u011fer e\u015fyalar i\u00e7in %70&#8217;e kadar alan tasarrufu sa\u011flayarak saklamay\u0131 ve ta\u015f\u0131may\u0131 kolayla\u015ft\u0131r\u0131r.<\/p><p><strong>3 Parlakl\u0131k Ayar\u0131<\/strong><br \/>3 ayarlanabilir parlakl\u0131k ayar\u0131 sunar ve ayd\u0131nlatmay\u0131 ihtiya\u00e7lar\u0131n\u0131za g\u00f6re \u00f6zelle\u015ftirmenizi sa\u011flar. \u0130ster i\u00e7 mekanda ister d\u0131\u015f mekanda olsun, 600 l\u00fcmene kadar 270\u00b0 geni\u015f aral\u0131kl\u0131 \u0131\u015f\u0131\u011f\u0131 her ortamda optimum ayd\u0131nlatma sa\u011flar.<\/p><p><strong>Powerbank \u00d6zelli\u011fi<\/strong><br \/>GP17, hareket halindeyken cihazlar\u0131n\u0131z\u0131 \u015farj etmenizi sa\u011flayan bir g\u00fc\u00e7 bankas\u0131 olarak da kullan\u0131labilir. Dahili USB ba\u011flant\u0131 noktas\u0131yla, ister d\u0131\u015far\u0131da olun ister evde bir deste\u011fe ihtiyac\u0131n\u0131z olsun, temel ihtiya\u00e7lar\u0131n\u0131z\u0131 \u015farjl\u0131 tutmak i\u00e7in g\u00fcvenilir g\u00fc\u00e7 sa\u011flar.<\/p><p><strong>Ta\u015f\u0131nabilir<\/strong><br \/>Kompakt boyutu, \u00e7antan\u0131za veya saklama alan\u0131n\u0131za sorunsuz bir \u015fekilde s\u0131\u011fmas\u0131n\u0131 sa\u011flar, hareket halindeyken kullan\u0131m veya kullan\u0131lmad\u0131\u011f\u0131nda h\u0131zl\u0131 saklama i\u00e7in m\u00fckemmeldir.<\/p>\t\t\t\t\t\t\t\t<\/div>\n\t\t\t\t<\/div>\n\t\t\t\t<\/div>\n\t\t\t\t<\/div>\n\t\t<div class=\"elementor-element elementor-element-43b2d44 e-con-full e-flex e-con e-child\" data-id=\"43b2d44\" data-element_type=\"container\">\n\t\t<div class=\"elementor-element elementor-element-2266fb7 e-con-full e-flex e-con e-child\" data-id=\"2266fb7\" data-element_type=\"container\">\n\t\t\t\t<div class=\"elementor-element elementor-element-209a62e elementor-widget elementor-widget-video\" data-id=\"209a62e\" data-element_type=\"widget\" data-settings=\"{&quot;youtube_url&quot;:&quot;https:\\\/\\\/www.youtube.com\\\/watch?v=jhzrV4zQy4U&quot;,&quot;autoplay&quot;:&quot;yes&quot;,&quot;play_on_mobile&quot;:&quot;yes&quot;,&quot;loop&quot;:&quot;yes&quot;,&quot;mute&quot;:&quot;yes&quot;,&quot;video_type&quot;:&quot;youtube&quot;,&quot;controls&quot;:&quot;yes&quot;}\" data-widget_type=\"video.default\">\n\t\t\t\t<div class=\"elementor-widget-container\">\n\t\t\t\t\t\t\t<div class=\"elementor-wrapper elementor-open-inline\">\n\t\t\t<div class=\"elementor-video\"><\/div>\t\t<\/div>\n\t\t\t\t\t\t<\/div>\n\t\t\t\t<\/div>\n\t\t\t\t<\/div>\n\t\t\t\t<\/div>\n\t\t<div class=\"elementor-element elementor-element-fb976c9 e-con-full e-flex e-con e-child\" data-id=\"fb976c9\" data-element_type=\"container\">\n\t\t\t\t<div class=\"elementor-element elementor-element-483c915 elementor-widget elementor-widget-image\" data-id=\"483c915\" data-element_type=\"widget\" data-widget_type=\"image.default\">\n\t\t\t\t<div class=\"elementor-widget-container\">\n\t\t\t\t\t\t\t\t\t\t\t\t\t\t\t<img fetchpriority=\"high\" decoding=\"async\" width=\"1200\" height=\"600\" src=\"https:\/\/safirkreatif.net\/woodmart\/wp-content\/uploads\/2025\/01\/1_1be3e3d4-13f2-4dfe-8d50-e12ec4eb28df.jpg\" class=\"attachment-2048x2048 size-2048x2048 wp-image-1507\" alt=\"\" srcset=\"https:\/\/safirkreatif.net\/woodmart\/wp-content\/uploads\/2025\/01\/1_1be3e3d4-13f2-4dfe-8d50-e12ec4eb28df.jpg 1200w, https:\/\/safirkreatif.net\/woodmart\/wp-content\/uploads\/2025\/01\/1_1be3e3d4-13f2-4dfe-8d50-e12ec4eb28df-150x75.jpg 150w, https:\/\/safirkreatif.net\/woodmart\/wp-content\/uploads\/2025\/01\/1_1be3e3d4-13f2-4dfe-8d50-e12ec4eb28df-300x150.jpg 300w, https:\/\/safirkreatif.net\/woodmart\/wp-content\/uploads\/2025\/01\/1_1be3e3d4-13f2-4dfe-8d50-e12ec4eb28df-1024x512.jpg 1024w, https:\/\/safirkreatif.net\/woodmart\/wp-content\/uploads\/2025\/01\/1_1be3e3d4-13f2-4dfe-8d50-e12ec4eb28df-768x384.jpg 768w\" sizes=\"(max-width: 1200px) 100vw, 1200px\" \/>\t\t\t\t\t\t\t\t\t\t\t\t\t\t\t<\/div>\n\t\t\t\t<\/div>\n\t\t\t\t<\/div>\n\t\t\t\t\t<\/div>\n\t\t\t\t<\/div>\n\t\t<div class=\"wd-negative-gap elementor-element elementor-element-8bb34bb wd-section-stretch e-flex e-con-boxed e-con e-parent\" data-id=\"8bb34bb\" data-element_type=\"container\">\n\t\t\t\t\t<div class=\"e-con-inner\">\n\t\t<div class=\"elementor-element elementor-element-ee36cba e-con-full e-flex e-con e-child\" data-id=\"ee36cba\" data-element_type=\"container\" data-settings=\"{&quot;background_background&quot;:&quot;classic&quot;}\">\n\t\t\t\t<div class=\"elementor-element elementor-element-c338010 elementor-widget elementor-widget-heading\" data-id=\"c338010\" data-element_type=\"widget\" data-widget_type=\"heading.default\">\n\t\t\t\t<div class=\"elementor-widget-container\">\n\t\t\t\t\t<h2 class=\"elementor-heading-title elementor-size-default\">2 Seviyeli Modlar: \u00c7ok Y\u00f6nl\u00fc \u015ei\u015firme<\/h2>\t\t\t\t<\/div>\n\t\t\t\t<\/div>\n\t\t\t\t<div class=\"elementor-element elementor-element-7360d45 color-scheme-inherit text-left elementor-widget elementor-widget-text-editor\" data-id=\"7360d45\" data-element_type=\"widget\" data-widget_type=\"text-editor.default\">\n\t\t\t\t<div class=\"elementor-widget-container\">\n\t\t\t\t\t\t\t\t\t<p>Kontrol i\u00e7in 6 kPa ve 300 L\/dk ile ba\u015flay\u0131n veya h\u0131zl\u0131 \u015fi\u015firme i\u00e7in 17 kPa ve 450 L\/dk&#8217;ya ge\u00e7in. 3 de\u011fi\u015ftirilebilir nozulla donat\u0131lan GP17, kanolardan hava yataklar\u0131na, havuz \u015famand\u0131ralar\u0131ndan y\u00fczme halkalar\u0131na ve \u015fi\u015fme mobilyalara kadar her \u015feyi kolayl\u0131kla halleder<\/p>\t\t\t\t\t\t\t\t<\/div>\n\t\t\t\t<\/div>\n\t\t\t\t<\/div>\n\t\t<div class=\"elementor-element elementor-element-7489c6a e-con-full e-flex e-con e-child\" data-id=\"7489c6a\" data-element_type=\"container\">\n\t\t\t\t<div class=\"elementor-element elementor-element-dde990c elementor-widget elementor-widget-image\" data-id=\"dde990c\" data-element_type=\"widget\" data-widget_type=\"image.default\">\n\t\t\t\t<div class=\"elementor-widget-container\">\n\t\t\t\t\t\t\t\t\t\t\t\t\t\t\t<img decoding=\"async\" width=\"1024\" height=\"512\" src=\"https:\/\/safirkreatif.net\/woodmart\/wp-content\/uploads\/2025\/01\/2_d7934b08-536b-4d8d-9c2e-8aa81d0cb21c-2-1024x512.webp\" class=\"attachment-large size-large wp-image-1511\" alt=\"\" srcset=\"https:\/\/safirkreatif.net\/woodmart\/wp-content\/uploads\/2025\/01\/2_d7934b08-536b-4d8d-9c2e-8aa81d0cb21c-2-1024x512.webp 1024w, https:\/\/safirkreatif.net\/woodmart\/wp-content\/uploads\/2025\/01\/2_d7934b08-536b-4d8d-9c2e-8aa81d0cb21c-2-150x75.webp 150w, https:\/\/safirkreatif.net\/woodmart\/wp-content\/uploads\/2025\/01\/2_d7934b08-536b-4d8d-9c2e-8aa81d0cb21c-2-300x150.webp 300w, https:\/\/safirkreatif.net\/woodmart\/wp-content\/uploads\/2025\/01\/2_d7934b08-536b-4d8d-9c2e-8aa81d0cb21c-2-768x384.webp 768w, https:\/\/safirkreatif.net\/woodmart\/wp-content\/uploads\/2025\/01\/2_d7934b08-536b-4d8d-9c2e-8aa81d0cb21c-2.webp 1200w\" sizes=\"(max-width: 1024px) 100vw, 1024px\" \/>\t\t\t\t\t\t\t\t\t\t\t\t\t\t\t<\/div>\n\t\t\t\t<\/div>\n\t\t\t\t<\/div>\n\t\t\t\t\t<\/div>\n\t\t\t\t<\/div>\n\t\t<div class=\"wd-negative-gap elementor-element elementor-element-8db9f2d wd-section-stretch e-flex e-con-boxed e-con e-parent\" data-id=\"8db9f2d\" data-element_type=\"container\">\n\t\t\t\t\t<div class=\"e-con-inner\">\n\t\t<div class=\"elementor-element elementor-element-cbbb0be e-con-full e-flex e-con e-child\" data-id=\"cbbb0be\" data-element_type=\"container\" data-settings=\"{&quot;background_background&quot;:&quot;classic&quot;}\">\n\t\t\t\t<div class=\"elementor-element elementor-element-4db0121 elementor-widget elementor-widget-heading\" data-id=\"4db0121\" data-element_type=\"widget\" data-widget_type=\"heading.default\">\n\t\t\t\t<div class=\"elementor-widget-container\">\n\t\t\t\t\t<h2 class=\"elementor-heading-title elementor-size-default\">E\u015fsiz \u015ei\u015firme Performans\u0131<\/h2>\t\t\t\t<\/div>\n\t\t\t\t<\/div>\n\t\t\t\t<div class=\"elementor-element elementor-element-1a07193 color-scheme-inherit text-left elementor-widget elementor-widget-text-editor\" data-id=\"1a07193\" data-element_type=\"widget\" data-widget_type=\"text-editor.default\">\n\t\t\t\t<div class=\"elementor-widget-container\">\n\t\t\t\t\t\t\t\t\t<p>17 kPa&#8217;ya kadar bas\u0131n\u00e7 ve 450 l\/dk ak\u0131\u015f h\u0131z\u0131yla GP17, en zorlu g\u00f6revlerin bile \u00fcstesinden gelmek i\u00e7in en iyi se\u00e7im haline gelen en \u00fcst d\u00fczey g\u00fc\u00e7 ve verimlilik sunar.<\/p><p>\u00a0<\/p>\t\t\t\t\t\t\t\t<\/div>\n\t\t\t\t<\/div>\n\t\t\t\t<\/div>\n\t\t<div class=\"elementor-element elementor-element-1288348 e-con-full e-flex e-con e-child\" data-id=\"1288348\" data-element_type=\"container\">\n\t\t\t\t<div class=\"elementor-element elementor-element-4407849 elementor-widget elementor-widget-video\" data-id=\"4407849\" data-element_type=\"widget\" data-settings=\"{&quot;video_type&quot;:&quot;hosted&quot;,&quot;autoplay&quot;:&quot;yes&quot;,&quot;play_on_mobile&quot;:&quot;yes&quot;,&quot;mute&quot;:&quot;yes&quot;,&quot;loop&quot;:&quot;yes&quot;}\" data-widget_type=\"video.default\">\n\t\t\t\t<div class=\"elementor-widget-container\">\n\t\t\t\t\t\t\t<div class=\"e-hosted-video elementor-wrapper elementor-open-inline\">\n\t\t\t\t\t<video class=\"elementor-video\" src=\"https:\/\/safirkreatif.net\/woodmart\/wp-content\/uploads\/2025\/01\/94aa16c4ea1549e09287ee8411e4c43a.SD-480p-1.5Mbps-38303077.mp4\" autoplay=\"\" loop=\"\" muted=\"muted\" playsinline=\"\" controlsList=\"nodownload\"><\/video>\n\t\t\t\t<\/div>\n\t\t\t\t\t\t<\/div>\n\t\t\t\t<\/div>\n\t\t\t\t<\/div>\n\t\t\t\t\t<\/div>\n\t\t\t\t<\/div>\n\t\t<div class=\"wd-negative-gap elementor-element elementor-element-009a8da wd-section-stretch e-flex e-con-boxed e-con e-parent\" data-id=\"009a8da\" data-element_type=\"container\">\n\t\t\t\t\t<div class=\"e-con-inner\">\n\t\t<div class=\"elementor-element elementor-element-9116e9d e-con-full e-flex e-con e-child\" data-id=\"9116e9d\" data-element_type=\"container\" data-settings=\"{&quot;background_background&quot;:&quot;classic&quot;}\">\n\t\t\t\t<div class=\"elementor-element elementor-element-b0cedc4 elementor-widget elementor-widget-heading\" data-id=\"b0cedc4\" data-element_type=\"widget\" data-widget_type=\"heading.default\">\n\t\t\t\t<div class=\"elementor-widget-container\">\n\t\t\t\t\t<h2 class=\"elementor-heading-title elementor-size-default\">Zahmetsiz S\u00f6nd\u00fcrme<\/h2>\t\t\t\t<\/div>\n\t\t\t\t<\/div>\n\t\t\t\t<div class=\"elementor-element elementor-element-e7c6ab8 color-scheme-inherit text-left elementor-widget elementor-widget-text-editor\" data-id=\"e7c6ab8\" data-element_type=\"widget\" data-widget_type=\"text-editor.default\">\n\t\t\t\t<div class=\"elementor-widget-container\">\n\t\t\t\t\t\t\t\t\t<p>S\u00f6nd\u00fcrme de ayn\u0131 derecede g\u00fc\u00e7l\u00fcd\u00fcr; k\u00f6p\u00fck pedler ve di\u011fer e\u015fyalar i\u00e7in %70&#8217;e kadar alan tasarrufu sa\u011flayarak saklamay\u0131 ve ta\u015f\u0131may\u0131 kolayla\u015ft\u0131r\u0131r.<\/p>\t\t\t\t\t\t\t\t<\/div>\n\t\t\t\t<\/div>\n\t\t\t\t<\/div>\n\t\t<div class=\"elementor-element elementor-element-b88cabd e-con-full e-flex e-con e-child\" data-id=\"b88cabd\" data-element_type=\"container\">\n\t\t\t\t<div class=\"elementor-element elementor-element-b07af5d elementor-widget elementor-widget-video\" data-id=\"b07af5d\" data-element_type=\"widget\" data-settings=\"{&quot;video_type&quot;:&quot;hosted&quot;,&quot;autoplay&quot;:&quot;yes&quot;,&quot;play_on_mobile&quot;:&quot;yes&quot;,&quot;mute&quot;:&quot;yes&quot;,&quot;loop&quot;:&quot;yes&quot;}\" data-widget_type=\"video.default\">\n\t\t\t\t<div class=\"elementor-widget-container\">\n\t\t\t\t\t\t\t<div class=\"e-hosted-video elementor-wrapper elementor-open-inline\">\n\t\t\t\t\t<video class=\"elementor-video\" src=\"https:\/\/safirkreatif.net\/woodmart\/wp-content\/uploads\/2025\/01\/bbc50a2def5e44ef81f58966bfce1f7a.SD-480p-1.0Mbps-38303078.mp4\" autoplay=\"\" loop=\"\" muted=\"muted\" playsinline=\"\" controlsList=\"nodownload\"><\/video>\n\t\t\t\t<\/div>\n\t\t\t\t\t\t<\/div>\n\t\t\t\t<\/div>\n\t\t\t\t<\/div>\n\t\t\t\t\t<\/div>\n\t\t\t\t<\/div>\n\t\t\t\t<\/div>\n\t\t","protected":false},"excerpt":{"rendered":"<p><strong>Hepsi Bir Arada Hava Pompas\u0131: G\u00fc\u00e7, \u00c7ok Y\u00f6nl\u00fcl\u00fck ve Kolayl\u0131k<\/strong><\/p>\n<p>GP17, t\u00fcm \u015fi\u015firme, s\u00f6nd\u00fcrme, ayd\u0131nlatma ve g\u00fc\u00e7 ihtiya\u00e7lar\u0131n\u0131z i\u00e7in m\u00fckemmel bir \u00e7\u00f6z\u00fcmd\u00fcr. Hassasiyet ve h\u0131zl\u0131 \u015fi\u015firme i\u00e7in 2 seviyeli modlar\u0131yla, kanolardan hava yataklar\u0131na kadar her \u015feyi zahmetsizce halleder.<\/p>\n","protected":false},"featured_media":1934,"comment_status":"open","ping_status":"closed","template":"","meta":[],"product_cat":[59,58,65],"product_tag":[],"class_list":{"0":"post-1336","1":"product","2":"type-product","3":"status-publish","4":"has-post-thumbnail","6":"product_cat-offroad","7":"product_cat-outdoor-kamp","8":"product_cat-sarjli-pompa","10":"first","11":"instock","12":"sale","13":"shipping-taxable","14":"purchasable","15":"product-type-simple"},"_links":{"self":[{"href":"https:\/\/safirkreatif.net\/woodmart\/wp-json\/wp\/v2\/product\/1336","targetHints":{"allow":["GET"]}}],"collection":[{"href":"https:\/\/safirkreatif.net\/woodmart\/wp-json\/wp\/v2\/product"}],"about":[{"href":"https:\/\/safirkreatif.net\/woodmart\/wp-json\/wp\/v2\/types\/product"}],"replies":[{"embeddable":true,"href":"https:\/\/safirkreatif.net\/woodmart\/wp-json\/wp\/v2\/comments?post=1336"}],"version-history":[{"count":11,"href":"https:\/\/safirkreatif.net\/woodmart\/wp-json\/wp\/v2\/product\/1336\/revisions"}],"predecessor-version":[{"id":2071,"href":"https:\/\/safirkreatif.net\/woodmart\/wp-json\/wp\/v2\/product\/1336\/revisions\/2071"}],"wp:featuredmedia":[{"embeddable":true,"href":"https:\/\/safirkreatif.net\/woodmart\/wp-json\/wp\/v2\/media\/1934"}],"wp:attachment":[{"href":"https:\/\/safirkreatif.net\/woodmart\/wp-json\/wp\/v2\/media?parent=1336"}],"wp:term":[{"taxonomy":"product_cat","embeddable":true,"href":"https:\/\/safirkreatif.net\/woodmart\/wp-json\/wp\/v2\/product_cat?post=1336"},{"taxonomy":"product_tag","embeddable":true,"href":"https:\/\/safirkreatif.net\/woodmart\/wp-json\/wp\/v2\/product_tag?post=1336"}],"curies":[{"name":"wp","href":"https:\/\/api.w.org\/{rel}","templated":true}]}}