{"id":1370,"date":"2025-01-08T13:16:49","date_gmt":"2025-01-08T10:16:49","guid":{"rendered":"https:\/\/safirkreatif.net\/woodmart\/?post_type=product&#038;p=1370"},"modified":"2025-01-12T21:25:46","modified_gmt":"2025-01-12T18:25:46","slug":"aerogogo-giga-pump-4-0","status":"publish","type":"product","link":"https:\/\/safirkreatif.net\/woodmart\/urun\/aerogogo-giga-pump-4-0\/","title":{"rendered":"Aerogogo Giga Pump 4.0"},"content":{"rendered":"\t\t<div data-elementor-type=\"wp-post\" data-elementor-id=\"1370\" class=\"elementor elementor-1370\">\n\t\t\t\t<div class=\"wd-negative-gap elementor-element elementor-element-d3a0d3b wd-section-stretch e-flex e-con-boxed e-con e-parent\" data-id=\"d3a0d3b\" data-element_type=\"container\" data-settings=\"{&quot;background_background&quot;:&quot;classic&quot;}\">\n\t\t\t\t\t<div class=\"e-con-inner\">\n\t\t<div class=\"elementor-element elementor-element-ac831ed e-con-full e-flex e-con e-child\" data-id=\"ac831ed\" data-element_type=\"container\">\n\t\t<div class=\"elementor-element elementor-element-dc1597a e-con-full e-flex e-con e-child\" data-id=\"dc1597a\" data-element_type=\"container\">\n\t\t\t\t<div class=\"elementor-element elementor-element-0448d40 elementor-widget elementor-widget-heading\" data-id=\"0448d40\" data-element_type=\"widget\" data-widget_type=\"heading.default\">\n\t\t\t\t<div class=\"elementor-widget-container\">\n\t\t\t\t\t<h2 class=\"elementor-heading-title elementor-size-default\">GP4 ile Tan\u0131\u015f\u0131n - Yeni Nesil Hava Pompas\u0131<\/h2>\t\t\t\t<\/div>\n\t\t\t\t<\/div>\n\t\t\t\t<div class=\"elementor-element elementor-element-29f3a6b color-scheme-inherit text-left elementor-widget elementor-widget-text-editor\" data-id=\"29f3a6b\" data-element_type=\"widget\" data-widget_type=\"text-editor.default\">\n\t\t\t\t<div class=\"elementor-widget-container\">\n\t\t\t\t\t\t\t\t\t<p>A\u00e7\u0131k hava merakl\u0131lar\u0131 ve macerac\u0131lar i\u00e7in tasarland\u0131. \u015ei\u015firmenin gelece\u011fini deneyimlemeye haz\u0131r m\u0131s\u0131n\u0131z? GP4, a\u00e7\u0131k hava aktivitelerinizi daha kolay, daha h\u0131zl\u0131 ve daha rahat hale getirmek i\u00e7in burada.<\/p>\t\t\t\t\t\t\t\t<\/div>\n\t\t\t\t<\/div>\n\t\t\t\t<div class=\"elementor-element elementor-element-7b7d183 color-scheme-inherit text-left elementor-widget elementor-widget-text-editor\" data-id=\"7b7d183\" data-element_type=\"widget\" data-widget_type=\"text-editor.default\">\n\t\t\t\t<div class=\"elementor-widget-container\">\n\t\t\t\t\t\t\t\t\t<section class=\"Jgs2b9\"><div class=\"WAZqE7 QfrfFD cell\"><section class=\"Va_ZoC\" data-hook=\"description-wrapper\"><div class=\"LvOu6J\"><div class=\"vaI0UH\" data-hook=\"content-wrapper\"><p><b>H\u0131zl\u0131 S\u00f6nd\u00fcrme \u0130\u00e7in Ters Emi\u015f<br \/><\/b><span style=\"font-size: 16px; text-align: var(--text-align);\">Yenilik\u00e7i tasar\u0131m hem ileri \u015fi\u015firme hem de ters emi\u015f yeteneklerini i\u00e7erir. Hava yataklar\u0131n\u0131 etkili bir \u015fekilde \u015fi\u015firir ve ters \u00e7evrildi\u011finde h\u0131zla s\u00f6nd\u00fcr\u00fcr, b\u00f6ylece saklamay\u0131 zahmetsiz hale getirir.<br \/><\/span><span style=\"font-size: 16px; text-align: var(--text-align);\"><b>Ate\u015fi Yo\u011funla\u015ft\u0131r\u0131r<br \/><\/b><\/span><span style=\"font-size: 16px; text-align: var(--text-align);\">G\u00fc\u00e7l\u00fc hava ak\u0131\u015f\u0131, ate\u015fe oksijen \u00fcflemek i\u00e7in kullan\u0131labilir, b\u00f6ylece daha s\u0131cak ve daha h\u0131zl\u0131 yanabilir, a\u00e7\u0131k havada yemek pi\u015firmek veya kamp ate\u015fleri i\u00e7in m\u00fckemmeldir.<\/span><\/p><\/div><\/div><\/section><\/div><\/section>\t\t\t\t\t\t\t\t<\/div>\n\t\t\t\t<\/div>\n\t\t\t\t<\/div>\n\t\t<div class=\"elementor-element elementor-element-d993919 e-con-full e-flex e-con e-child\" data-id=\"d993919\" data-element_type=\"container\">\n\t\t\t\t<div class=\"elementor-element elementor-element-1ec8891 elementor-widget elementor-widget-video\" data-id=\"1ec8891\" data-element_type=\"widget\" data-settings=\"{&quot;youtube_url&quot;:&quot;https:\\\/\\\/www.youtube.com\\\/watch?v=EVGqaHtOYXI&quot;,&quot;autoplay&quot;:&quot;yes&quot;,&quot;play_on_mobile&quot;:&quot;yes&quot;,&quot;mute&quot;:&quot;yes&quot;,&quot;loop&quot;:&quot;yes&quot;,&quot;video_type&quot;:&quot;youtube&quot;,&quot;controls&quot;:&quot;yes&quot;}\" data-widget_type=\"video.default\">\n\t\t\t\t<div class=\"elementor-widget-container\">\n\t\t\t\t\t\t\t<div class=\"elementor-wrapper elementor-open-inline\">\n\t\t\t<div class=\"elementor-video\"><\/div>\t\t<\/div>\n\t\t\t\t\t\t<\/div>\n\t\t\t\t<\/div>\n\t\t\t\t<\/div>\n\t\t\t\t<\/div>\n\t\t<div class=\"elementor-element elementor-element-fb976c9 e-con-full e-flex e-con e-child\" data-id=\"fb976c9\" data-element_type=\"container\">\n\t\t\t\t<div class=\"elementor-element elementor-element-483c915 elementor-widget elementor-widget-image\" data-id=\"483c915\" data-element_type=\"widget\" data-widget_type=\"image.default\">\n\t\t\t\t<div class=\"elementor-widget-container\">\n\t\t\t\t\t\t\t\t\t\t\t\t\t\t\t<img fetchpriority=\"high\" decoding=\"async\" width=\"1200\" height=\"600\" src=\"https:\/\/safirkreatif.net\/woodmart\/wp-content\/uploads\/2025\/01\/1_e58e7e1c-d6ae-4207-92b8-b55c1042ba71.webp\" class=\"attachment-2048x2048 size-2048x2048 wp-image-1525\" alt=\"\" srcset=\"https:\/\/safirkreatif.net\/woodmart\/wp-content\/uploads\/2025\/01\/1_e58e7e1c-d6ae-4207-92b8-b55c1042ba71.webp 1200w, https:\/\/safirkreatif.net\/woodmart\/wp-content\/uploads\/2025\/01\/1_e58e7e1c-d6ae-4207-92b8-b55c1042ba71-150x75.webp 150w, https:\/\/safirkreatif.net\/woodmart\/wp-content\/uploads\/2025\/01\/1_e58e7e1c-d6ae-4207-92b8-b55c1042ba71-300x150.webp 300w, https:\/\/safirkreatif.net\/woodmart\/wp-content\/uploads\/2025\/01\/1_e58e7e1c-d6ae-4207-92b8-b55c1042ba71-1024x512.webp 1024w, https:\/\/safirkreatif.net\/woodmart\/wp-content\/uploads\/2025\/01\/1_e58e7e1c-d6ae-4207-92b8-b55c1042ba71-768x384.webp 768w\" sizes=\"(max-width: 1200px) 100vw, 1200px\" \/>\t\t\t\t\t\t\t\t\t\t\t\t\t\t\t<\/div>\n\t\t\t\t<\/div>\n\t\t\t\t<\/div>\n\t\t\t\t\t<\/div>\n\t\t\t\t<\/div>\n\t\t<div class=\"wd-negative-gap elementor-element elementor-element-8bb34bb wd-section-stretch e-flex e-con-boxed e-con e-parent\" data-id=\"8bb34bb\" data-element_type=\"container\">\n\t\t\t\t\t<div class=\"e-con-inner\">\n\t\t<div class=\"elementor-element elementor-element-ee36cba e-con-full e-flex e-con e-child\" data-id=\"ee36cba\" data-element_type=\"container\" data-settings=\"{&quot;background_background&quot;:&quot;classic&quot;}\">\n\t\t\t\t<div class=\"elementor-element elementor-element-c338010 elementor-widget elementor-widget-heading\" data-id=\"c338010\" data-element_type=\"widget\" data-widget_type=\"heading.default\">\n\t\t\t\t<div class=\"elementor-widget-container\">\n\t\t\t\t\t<h2 class=\"elementor-heading-title elementor-size-default\">4. Nesil Teknoloji<\/h2>\t\t\t\t<\/div>\n\t\t\t\t<\/div>\n\t\t\t\t<div class=\"elementor-element elementor-element-7360d45 color-scheme-inherit text-left elementor-widget elementor-widget-text-editor\" data-id=\"7360d45\" data-element_type=\"widget\" data-widget_type=\"text-editor.default\">\n\t\t\t\t<div class=\"elementor-widget-container\">\n\t\t\t\t\t\t\t\t\t<p>G\u00fc\u00e7l\u00fc bir motor y\u00fckseltmesi ve optimize edilmi\u015f hava ak\u0131\u015f\u0131 ile \u015fi\u015firme verimlili\u011fini %90 oran\u0131nda art\u0131r\u0131r. Daha k\u00fc\u00e7\u00fck boyutuna ve hafif tasar\u0131m\u0131na ra\u011fmen GP4, 4,2 kPa bas\u0131n\u00e7 ve 220 L\/dak ak\u0131\u015f h\u0131z\u0131 elde ederek ta\u015f\u0131nabilir hava pompalar\u0131 i\u00e7in yeni bir \u00f6l\u00e7\u00fct belirler.<\/p>\t\t\t\t\t\t\t\t<\/div>\n\t\t\t\t<\/div>\n\t\t\t\t<\/div>\n\t\t<div class=\"elementor-element elementor-element-7489c6a e-con-full e-flex e-con e-child\" data-id=\"7489c6a\" data-element_type=\"container\">\n\t\t\t\t<div class=\"elementor-element elementor-element-154bf35 elementor-widget elementor-widget-image\" data-id=\"154bf35\" data-element_type=\"widget\" data-widget_type=\"image.default\">\n\t\t\t\t<div class=\"elementor-widget-container\">\n\t\t\t\t\t\t\t\t\t\t\t\t\t\t\t<img decoding=\"async\" width=\"1024\" height=\"512\" src=\"https:\/\/safirkreatif.net\/woodmart\/wp-content\/uploads\/2025\/01\/2_395aa8be-3fc4-477b-a3a2-10dc5d1b40a0-1-1024x512.webp\" class=\"attachment-large size-large wp-image-1528\" alt=\"\" srcset=\"https:\/\/safirkreatif.net\/woodmart\/wp-content\/uploads\/2025\/01\/2_395aa8be-3fc4-477b-a3a2-10dc5d1b40a0-1-1024x512.webp 1024w, https:\/\/safirkreatif.net\/woodmart\/wp-content\/uploads\/2025\/01\/2_395aa8be-3fc4-477b-a3a2-10dc5d1b40a0-1-150x75.webp 150w, https:\/\/safirkreatif.net\/woodmart\/wp-content\/uploads\/2025\/01\/2_395aa8be-3fc4-477b-a3a2-10dc5d1b40a0-1-300x150.webp 300w, https:\/\/safirkreatif.net\/woodmart\/wp-content\/uploads\/2025\/01\/2_395aa8be-3fc4-477b-a3a2-10dc5d1b40a0-1-768x384.webp 768w, https:\/\/safirkreatif.net\/woodmart\/wp-content\/uploads\/2025\/01\/2_395aa8be-3fc4-477b-a3a2-10dc5d1b40a0-1.webp 1200w\" sizes=\"(max-width: 1024px) 100vw, 1024px\" \/>\t\t\t\t\t\t\t\t\t\t\t\t\t\t\t<\/div>\n\t\t\t\t<\/div>\n\t\t\t\t<\/div>\n\t\t\t\t\t<\/div>\n\t\t\t\t<\/div>\n\t\t<div class=\"wd-negative-gap elementor-element elementor-element-8db9f2d wd-section-stretch e-flex e-con-boxed e-con e-parent\" data-id=\"8db9f2d\" data-element_type=\"container\">\n\t\t\t\t\t<div class=\"e-con-inner\">\n\t\t<div class=\"elementor-element elementor-element-cbbb0be e-con-full e-flex e-con e-child\" data-id=\"cbbb0be\" data-element_type=\"container\" data-settings=\"{&quot;background_background&quot;:&quot;classic&quot;}\">\n\t\t\t\t<div class=\"elementor-element elementor-element-4db0121 elementor-widget elementor-widget-heading\" data-id=\"4db0121\" data-element_type=\"widget\" data-widget_type=\"heading.default\">\n\t\t\t\t<div class=\"elementor-widget-container\">\n\t\t\t\t\t<h2 class=\"elementor-heading-title elementor-size-default\">Ba\u015flatmak \u0130\u00e7in Tek D\u00fc\u011fme<\/h2>\t\t\t\t<\/div>\n\t\t\t\t<\/div>\n\t\t\t\t<div class=\"elementor-element elementor-element-1a07193 color-scheme-inherit text-left elementor-widget elementor-widget-text-editor\" data-id=\"1a07193\" data-element_type=\"widget\" data-widget_type=\"text-editor.default\">\n\t\t\t\t<div class=\"elementor-widget-container\">\n\t\t\t\t\t\t\t\t\t<p>Sadece bir t\u0131klamayla sa\u011flam 4 kPa ile nazik 2 kPa aras\u0131nda sorunsuz bir \u015fekilde ge\u00e7i\u015f yap\u0131n ve \u015fi\u015firme g\u00fcc\u00fcn\u00fcz\u00fc m\u00fckemmelli\u011fe g\u00f6re ayarlay\u0131n.<\/p>\t\t\t\t\t\t\t\t<\/div>\n\t\t\t\t<\/div>\n\t\t\t\t<\/div>\n\t\t<div class=\"elementor-element elementor-element-1288348 e-con-full e-flex e-con e-child\" data-id=\"1288348\" data-element_type=\"container\">\n\t\t\t\t<div class=\"elementor-element elementor-element-4407849 elementor-widget elementor-widget-video\" data-id=\"4407849\" data-element_type=\"widget\" data-settings=\"{&quot;video_type&quot;:&quot;hosted&quot;,&quot;autoplay&quot;:&quot;yes&quot;,&quot;play_on_mobile&quot;:&quot;yes&quot;,&quot;mute&quot;:&quot;yes&quot;,&quot;loop&quot;:&quot;yes&quot;}\" data-widget_type=\"video.default\">\n\t\t\t\t<div class=\"elementor-widget-container\">\n\t\t\t\t\t\t\t<div class=\"e-hosted-video elementor-wrapper elementor-open-inline\">\n\t\t\t\t\t<video class=\"elementor-video\" src=\"https:\/\/safirkreatif.net\/woodmart\/wp-content\/uploads\/2025\/01\/6b630e545f67450c9f9151acc5a89dad.SD-480p-1.2Mbps-38324525.mp4\" autoplay=\"\" loop=\"\" muted=\"muted\" playsinline=\"\" controlsList=\"nodownload\"><\/video>\n\t\t\t\t<\/div>\n\t\t\t\t\t\t<\/div>\n\t\t\t\t<\/div>\n\t\t\t\t<\/div>\n\t\t\t\t\t<\/div>\n\t\t\t\t<\/div>\n\t\t<div class=\"wd-negative-gap elementor-element elementor-element-009a8da wd-section-stretch e-flex e-con-boxed e-con e-parent\" data-id=\"009a8da\" data-element_type=\"container\">\n\t\t\t\t\t<div class=\"e-con-inner\">\n\t\t<div class=\"elementor-element elementor-element-9116e9d e-con-full e-flex e-con e-child\" data-id=\"9116e9d\" data-element_type=\"container\" data-settings=\"{&quot;background_background&quot;:&quot;classic&quot;}\">\n\t\t\t\t<div class=\"elementor-element elementor-element-b0cedc4 elementor-widget elementor-widget-heading\" data-id=\"b0cedc4\" data-element_type=\"widget\" data-widget_type=\"heading.default\">\n\t\t\t\t<div class=\"elementor-widget-container\">\n\t\t\t\t\t<h2 class=\"elementor-heading-title elementor-size-default\">H\u0131zl\u0131 S\u00f6nd\u00fcrme \u0130\u00e7in Ters Emi\u015f<\/h2>\t\t\t\t<\/div>\n\t\t\t\t<\/div>\n\t\t\t\t<div class=\"elementor-element elementor-element-e7c6ab8 color-scheme-inherit text-left elementor-widget elementor-widget-text-editor\" data-id=\"e7c6ab8\" data-element_type=\"widget\" data-widget_type=\"text-editor.default\">\n\t\t\t\t<div class=\"elementor-widget-container\">\n\t\t\t\t\t\t\t\t\t<p>Yenilik\u00e7i tasar\u0131m hem ileri \u015fi\u015firme hem de ters emi\u015f yeteneklerini i\u00e7erir. Hava yataklar\u0131n\u0131 etkili bir \u015fekilde \u015fi\u015firir ve ters \u00e7evrildi\u011finde h\u0131zla s\u00f6nd\u00fcr\u00fcr, b\u00f6ylece saklamay\u0131 zahmetsiz hale getirir.<\/p>\t\t\t\t\t\t\t\t<\/div>\n\t\t\t\t<\/div>\n\t\t\t\t<\/div>\n\t\t<div class=\"elementor-element elementor-element-b88cabd e-con-full e-flex e-con e-child\" data-id=\"b88cabd\" data-element_type=\"container\">\n\t\t\t\t<div class=\"elementor-element elementor-element-b07af5d elementor-widget elementor-widget-video\" data-id=\"b07af5d\" data-element_type=\"widget\" data-settings=\"{&quot;video_type&quot;:&quot;hosted&quot;,&quot;autoplay&quot;:&quot;yes&quot;,&quot;play_on_mobile&quot;:&quot;yes&quot;,&quot;mute&quot;:&quot;yes&quot;,&quot;loop&quot;:&quot;yes&quot;}\" data-widget_type=\"video.default\">\n\t\t\t\t<div class=\"elementor-widget-container\">\n\t\t\t\t\t\t\t<div class=\"e-hosted-video elementor-wrapper elementor-open-inline\">\n\t\t\t\t\t<video class=\"elementor-video\" src=\"https:\/\/safirkreatif.net\/woodmart\/wp-content\/uploads\/2025\/01\/e20c91eff47b4db6855d77ffd716c6a9.SD-480p-1.2Mbps-38324555.mp4\" autoplay=\"\" loop=\"\" muted=\"muted\" playsinline=\"\" controlsList=\"nodownload\"><\/video>\n\t\t\t\t<\/div>\n\t\t\t\t\t\t<\/div>\n\t\t\t\t<\/div>\n\t\t\t\t<\/div>\n\t\t\t\t\t<\/div>\n\t\t\t\t<\/div>\n\t\t<div class=\"wd-negative-gap elementor-element elementor-element-1a5378a e-flex e-con-boxed e-con e-parent\" data-id=\"1a5378a\" data-element_type=\"container\">\n\t\t\t\t\t<div class=\"e-con-inner\">\n\t\t\t\t\t<\/div>\n\t\t\t\t<\/div>\n\t\t\t\t<\/div>\n\t\t","protected":false},"excerpt":{"rendered":"<p><strong>GP4 ile Tan\u0131\u015f\u0131n &#8211; Yeni Nesil Hava Pompas\u0131<\/strong><\/p>\n<p>A\u00e7\u0131k hava merakl\u0131lar\u0131 ve macerac\u0131lar i\u00e7in tasarland\u0131. \u015ei\u015firmenin gelece\u011fini deneyimlemeye haz\u0131r m\u0131s\u0131n\u0131z? GP4, a\u00e7\u0131k hava aktivitelerinizi daha kolay, daha h\u0131zl\u0131 ve daha rahat hale getirmek i\u00e7in burada.<\/p>\n","protected":false},"featured_media":1952,"comment_status":"open","ping_status":"closed","template":"","meta":[],"product_cat":[59,58,65],"product_tag":[],"class_list":{"0":"post-1370","1":"product","2":"type-product","3":"status-publish","4":"has-post-thumbnail","6":"product_cat-offroad","7":"product_cat-outdoor-kamp","8":"product_cat-sarjli-pompa","10":"first","11":"instock","12":"sale","13":"shipping-taxable","14":"purchasable","15":"product-type-simple"},"_links":{"self":[{"href":"https:\/\/safirkreatif.net\/woodmart\/wp-json\/wp\/v2\/product\/1370","targetHints":{"allow":["GET"]}}],"collection":[{"href":"https:\/\/safirkreatif.net\/woodmart\/wp-json\/wp\/v2\/product"}],"about":[{"href":"https:\/\/safirkreatif.net\/woodmart\/wp-json\/wp\/v2\/types\/product"}],"replies":[{"embeddable":true,"href":"https:\/\/safirkreatif.net\/woodmart\/wp-json\/wp\/v2\/comments?post=1370"}],"version-history":[{"count":8,"href":"https:\/\/safirkreatif.net\/woodmart\/wp-json\/wp\/v2\/product\/1370\/revisions"}],"predecessor-version":[{"id":1956,"href":"https:\/\/safirkreatif.net\/woodmart\/wp-json\/wp\/v2\/product\/1370\/revisions\/1956"}],"wp:featuredmedia":[{"embeddable":true,"href":"https:\/\/safirkreatif.net\/woodmart\/wp-json\/wp\/v2\/media\/1952"}],"wp:attachment":[{"href":"https:\/\/safirkreatif.net\/woodmart\/wp-json\/wp\/v2\/media?parent=1370"}],"wp:term":[{"taxonomy":"product_cat","embeddable":true,"href":"https:\/\/safirkreatif.net\/woodmart\/wp-json\/wp\/v2\/product_cat?post=1370"},{"taxonomy":"product_tag","embeddable":true,"href":"https:\/\/safirkreatif.net\/woodmart\/wp-json\/wp\/v2\/product_tag?post=1370"}],"curies":[{"name":"wp","href":"https:\/\/api.w.org\/{rel}","templated":true}]}}