{"id":1581,"date":"2025-01-08T16:06:28","date_gmt":"2025-01-08T13:06:28","guid":{"rendered":"https:\/\/safirkreatif.net\/woodmart\/?post_type=product&#038;p=1581"},"modified":"2025-01-08T16:31:41","modified_gmt":"2025-01-08T13:31:41","slug":"sarjli-el-supurgesi","status":"publish","type":"product","link":"https:\/\/safirkreatif.net\/woodmart\/urun\/sarjli-el-supurgesi\/","title":{"rendered":"\u015earjl\u0131 El S\u00fcp\u00fcrgesi"},"content":{"rendered":"\t\t<div data-elementor-type=\"wp-post\" data-elementor-id=\"1581\" class=\"elementor elementor-1581\">\n\t\t\t\t<div class=\"wd-negative-gap elementor-element elementor-element-d3a0d3b wd-section-stretch e-flex e-con-boxed e-con e-parent\" data-id=\"d3a0d3b\" data-element_type=\"container\" data-settings=\"{&quot;background_background&quot;:&quot;classic&quot;}\">\n\t\t\t\t\t<div class=\"e-con-inner\">\n\t\t<div class=\"elementor-element elementor-element-ac831ed e-con-full e-flex e-con e-child\" data-id=\"ac831ed\" data-element_type=\"container\">\n\t\t<div class=\"elementor-element elementor-element-dc1597a e-con-full e-flex e-con e-child\" data-id=\"dc1597a\" data-element_type=\"container\">\n\t\t\t\t<div class=\"elementor-element elementor-element-0448d40 elementor-widget elementor-widget-heading\" data-id=\"0448d40\" data-element_type=\"widget\" data-widget_type=\"heading.default\">\n\t\t\t\t<div class=\"elementor-widget-container\">\n\t\t\t\t\t<h2 class=\"elementor-heading-title elementor-size-default\">Hepsi Bir Arada \u015ei\u015firme \u00c7\u00f6z\u00fcm\u00fcn\u00fcz<\/h2>\t\t\t\t<\/div>\n\t\t\t\t<\/div>\n\t\t\t\t<div class=\"elementor-element elementor-element-29f3a6b color-scheme-inherit text-left elementor-widget elementor-widget-text-editor\" data-id=\"29f3a6b\" data-element_type=\"widget\" data-widget_type=\"text-editor.default\">\n\t\t\t\t<div class=\"elementor-widget-container\">\n\t\t\t\t\t\t\t\t\tZetta 138 SUP Pompas\u0131, \u015f\u0131k ve kompakt bir tasar\u0131mda rahatl\u0131\u011f\u0131, \u00e7ok y\u00f6nl\u00fcl\u00fc\u011f\u00fc ve verimlili\u011fi bir araya getirir. \u00c7ok modlu i\u015flevselli\u011fe sahip olan bu pompa, k\u00fcrek tahtalar\u0131, u\u00e7urtmalar, hava \u00e7ad\u0131rlar\u0131 ve daha fazlas\u0131 i\u00e7in uzmanca tasarlanm\u0131\u015ft\u0131r ve t\u00fcm a\u00e7\u0131k hava maceralar\u0131n\u0131z i\u00e7in h\u0131zl\u0131, eller serbest \u015fi\u015firme sa\u011flar.\t\t\t\t\t\t\t\t<\/div>\n\t\t\t\t<\/div>\n\t\t\t\t<\/div>\n\t\t<div class=\"elementor-element elementor-element-d993919 e-con-full e-flex e-con e-child\" data-id=\"d993919\" data-element_type=\"container\">\n\t\t\t\t<div class=\"elementor-element elementor-element-7b7d183 color-scheme-inherit text-left elementor-widget elementor-widget-text-editor\" data-id=\"7b7d183\" data-element_type=\"widget\" data-widget_type=\"text-editor.default\">\n\t\t\t\t<div class=\"elementor-widget-container\">\n\t\t\t\t\t\t\t\t\t<ul><li><strong>Hepsi Bir Arada \u00c7\u00f6z\u00fcm:<\/strong>\u00a0Her macera i\u00e7in rahat ve kolay ekipman \u015fi\u015firme.<\/li><li><strong>\u00c7ok Modlu \u0130\u015flevsellik:<\/strong>\u00a0K\u00fcrek tahtalar\u0131, u\u00e7urtmalar, hava \u00e7ad\u0131rlar\u0131 ve daha fazlas\u0131 i\u00e7in \u00f6zel modlar (0,5\u201320 PSI).<\/li><li><strong>6 Evrensel Nozul:\u00a0<\/strong>\u00c7ok y\u00f6nl\u00fc kullan\u0131m i\u00e7in SUP&#8217;lara, u\u00e7urtmalara, \u00e7ad\u0131rlara, yoga toplar\u0131na ve daha fazlas\u0131na uyar.<\/li><li><strong>Esnek G\u00fc\u00e7 Se\u00e7enekleri:<\/strong>\u00a0\u015eebeke d\u0131\u015f\u0131 g\u00fcvenilirlik i\u00e7in ak\u00fcy\u00fc, arac\u0131n 12V DC&#8217;sini veya bir g\u00fc\u00e7 istasyonunu kullan\u0131n.<\/li><\/ul>\t\t\t\t\t\t\t\t<\/div>\n\t\t\t\t<\/div>\n\t\t\t\t<\/div>\n\t\t\t\t<\/div>\n\t\t<div class=\"elementor-element elementor-element-fb976c9 e-con-full e-flex e-con e-child\" data-id=\"fb976c9\" data-element_type=\"container\">\n\t\t\t\t<div class=\"elementor-element elementor-element-483c915 elementor-widget elementor-widget-image\" data-id=\"483c915\" data-element_type=\"widget\" data-widget_type=\"image.default\">\n\t\t\t\t<div class=\"elementor-widget-container\">\n\t\t\t\t\t\t\t\t\t\t\t\t\t\t\t<img fetchpriority=\"high\" decoding=\"async\" width=\"1200\" height=\"600\" src=\"https:\/\/safirkreatif.net\/woodmart\/wp-content\/uploads\/2025\/01\/kapak-1.jpg\" class=\"attachment-2048x2048 size-2048x2048 wp-image-1571\" alt=\"\" srcset=\"https:\/\/safirkreatif.net\/woodmart\/wp-content\/uploads\/2025\/01\/kapak-1.jpg 1200w, https:\/\/safirkreatif.net\/woodmart\/wp-content\/uploads\/2025\/01\/kapak-1-150x75.jpg 150w, https:\/\/safirkreatif.net\/woodmart\/wp-content\/uploads\/2025\/01\/kapak-1-300x150.jpg 300w, https:\/\/safirkreatif.net\/woodmart\/wp-content\/uploads\/2025\/01\/kapak-1-1024x512.jpg 1024w, https:\/\/safirkreatif.net\/woodmart\/wp-content\/uploads\/2025\/01\/kapak-1-768x384.jpg 768w\" sizes=\"(max-width: 1200px) 100vw, 1200px\" \/>\t\t\t\t\t\t\t\t\t\t\t\t\t\t\t<\/div>\n\t\t\t\t<\/div>\n\t\t\t\t<\/div>\n\t\t\t\t\t<\/div>\n\t\t\t\t<\/div>\n\t\t<div class=\"wd-negative-gap elementor-element elementor-element-8bb34bb wd-section-stretch e-flex e-con-boxed e-con e-parent\" data-id=\"8bb34bb\" data-element_type=\"container\">\n\t\t\t\t\t<div class=\"e-con-inner\">\n\t\t<div class=\"elementor-element elementor-element-ee36cba e-con-full e-flex e-con e-child\" data-id=\"ee36cba\" data-element_type=\"container\" data-settings=\"{&quot;background_background&quot;:&quot;classic&quot;}\">\n\t\t\t\t<div class=\"elementor-element elementor-element-c338010 elementor-widget elementor-widget-heading\" data-id=\"c338010\" data-element_type=\"widget\" data-widget_type=\"heading.default\">\n\t\t\t\t<div class=\"elementor-widget-container\">\n\t\t\t\t\t<h2 class=\"elementor-heading-title elementor-size-default\">H\u0131zl\u0131 ve Otomatik \u015ei\u015firme<\/h2>\t\t\t\t<\/div>\n\t\t\t\t<\/div>\n\t\t\t\t<div class=\"elementor-element elementor-element-7360d45 color-scheme-inherit text-left elementor-widget elementor-widget-text-editor\" data-id=\"7360d45\" data-element_type=\"widget\" data-widget_type=\"text-editor.default\">\n\t\t\t\t<div class=\"elementor-widget-container\">\n\t\t\t\t\t\t\t\t\t<p>Aerogogo 2. Nesil Pompa ile Aerosofa&#8217;n\u0131z bir d\u00fc\u011fmeye basarak dakikalar i\u00e7inde otomatik olarak \u015fi\u015firilir.\u00a0<\/p>\t\t\t\t\t\t\t\t<\/div>\n\t\t\t\t<\/div>\n\t\t\t\t<\/div>\n\t\t<div class=\"elementor-element elementor-element-7489c6a e-con-full e-flex e-con e-child\" data-id=\"7489c6a\" data-element_type=\"container\">\n\t\t\t\t<div class=\"elementor-element elementor-element-2355725 elementor-widget elementor-widget-image\" data-id=\"2355725\" data-element_type=\"widget\" data-widget_type=\"image.default\">\n\t\t\t\t<div class=\"elementor-widget-container\">\n\t\t\t\t\t\t\t\t\t\t\t\t\t\t\t<img decoding=\"async\" width=\"1024\" height=\"512\" src=\"https:\/\/safirkreatif.net\/woodmart\/wp-content\/uploads\/2025\/01\/kapak2-1-1024x512.webp\" class=\"attachment-large size-large wp-image-1572\" alt=\"\" srcset=\"https:\/\/safirkreatif.net\/woodmart\/wp-content\/uploads\/2025\/01\/kapak2-1-1024x512.webp 1024w, https:\/\/safirkreatif.net\/woodmart\/wp-content\/uploads\/2025\/01\/kapak2-1-150x75.webp 150w, https:\/\/safirkreatif.net\/woodmart\/wp-content\/uploads\/2025\/01\/kapak2-1-300x150.webp 300w, https:\/\/safirkreatif.net\/woodmart\/wp-content\/uploads\/2025\/01\/kapak2-1-768x384.webp 768w, https:\/\/safirkreatif.net\/woodmart\/wp-content\/uploads\/2025\/01\/kapak2-1.webp 1200w\" sizes=\"(max-width: 1024px) 100vw, 1024px\" \/>\t\t\t\t\t\t\t\t\t\t\t\t\t\t\t<\/div>\n\t\t\t\t<\/div>\n\t\t\t\t<\/div>\n\t\t\t\t\t<\/div>\n\t\t\t\t<\/div>\n\t\t<div class=\"wd-negative-gap elementor-element elementor-element-8db9f2d wd-section-stretch e-flex e-con-boxed e-con e-parent\" data-id=\"8db9f2d\" data-element_type=\"container\">\n\t\t\t\t\t<div class=\"e-con-inner\">\n\t\t<div class=\"elementor-element elementor-element-cbbb0be e-con-full e-flex e-con e-child\" data-id=\"cbbb0be\" data-element_type=\"container\" data-settings=\"{&quot;background_background&quot;:&quot;classic&quot;}\">\n\t\t\t\t<div class=\"elementor-element elementor-element-4db0121 elementor-widget elementor-widget-heading\" data-id=\"4db0121\" data-element_type=\"widget\" data-widget_type=\"heading.default\">\n\t\t\t\t<div class=\"elementor-widget-container\">\n\t\t\t\t\t<h2 class=\"elementor-heading-title elementor-size-default\">\u00c7ok Y\u00f6nl\u00fc \u015ei\u015fme Kanepe\n<\/h2>\t\t\t\t<\/div>\n\t\t\t\t<\/div>\n\t\t\t\t<div class=\"elementor-element elementor-element-1a07193 color-scheme-inherit text-left elementor-widget elementor-widget-text-editor\" data-id=\"1a07193\" data-element_type=\"widget\" data-widget_type=\"text-editor.default\">\n\t\t\t\t<div class=\"elementor-widget-container\">\n\t\t\t\t\t\t\t\t\t<p>Modern ya\u015fam ve a\u00e7\u0131k hava maceralar\u0131 i\u00e7in tasarlanm\u0131\u015ft\u0131r. Rahat bir koltu\u011fa, misafir yata\u011f\u0131na veya plaj veya kamp i\u00e7in ta\u015f\u0131nabilir bir \u015fezlonga ihtiyac\u0131n\u0131z oldupunda, zahmetsiz konfor ve stil sunar.<\/p>\t\t\t\t\t\t\t\t<\/div>\n\t\t\t\t<\/div>\n\t\t\t\t<\/div>\n\t\t<div class=\"elementor-element elementor-element-1288348 e-con-full e-flex e-con e-child\" data-id=\"1288348\" data-element_type=\"container\">\n\t\t\t\t<div class=\"elementor-element elementor-element-4407849 elementor-widget elementor-widget-video\" data-id=\"4407849\" data-element_type=\"widget\" data-settings=\"{&quot;video_type&quot;:&quot;hosted&quot;,&quot;autoplay&quot;:&quot;yes&quot;,&quot;play_on_mobile&quot;:&quot;yes&quot;,&quot;mute&quot;:&quot;yes&quot;,&quot;loop&quot;:&quot;yes&quot;}\" data-widget_type=\"video.default\">\n\t\t\t\t<div class=\"elementor-widget-container\">\n\t\t\t\t\t\t\t<div class=\"e-hosted-video elementor-wrapper elementor-open-inline\">\n\t\t\t\t\t<video class=\"elementor-video\" src=\"https:\/\/safirkreatif.net\/woodmart\/wp-content\/uploads\/2025\/01\/62da87e076a947518720168c190df92d.SD-480p-1.2Mbps-38182241.mp4\" autoplay=\"\" loop=\"\" muted=\"muted\" playsinline=\"\" controlsList=\"nodownload\"><\/video>\n\t\t\t\t<\/div>\n\t\t\t\t\t\t<\/div>\n\t\t\t\t<\/div>\n\t\t\t\t<\/div>\n\t\t\t\t\t<\/div>\n\t\t\t\t<\/div>\n\t\t<div class=\"wd-negative-gap elementor-element elementor-element-009a8da wd-section-stretch e-flex e-con-boxed e-con e-parent\" data-id=\"009a8da\" data-element_type=\"container\">\n\t\t\t\t\t<div class=\"e-con-inner\">\n\t\t<div class=\"elementor-element elementor-element-9116e9d e-con-full e-flex e-con e-child\" data-id=\"9116e9d\" data-element_type=\"container\" data-settings=\"{&quot;background_background&quot;:&quot;classic&quot;}\">\n\t\t\t\t<div class=\"elementor-element elementor-element-b0cedc4 elementor-widget elementor-widget-heading\" data-id=\"b0cedc4\" data-element_type=\"widget\" data-widget_type=\"heading.default\">\n\t\t\t\t<div class=\"elementor-widget-container\">\n\t\t\t\t\t<h2 class=\"elementor-heading-title elementor-size-default\">Kolay Temizlenir<\/h2>\t\t\t\t<\/div>\n\t\t\t\t<\/div>\n\t\t\t\t<div class=\"elementor-element elementor-element-e7c6ab8 color-scheme-inherit text-left elementor-widget elementor-widget-text-editor\" data-id=\"e7c6ab8\" data-element_type=\"widget\" data-widget_type=\"text-editor.default\">\n\t\t\t\t<div class=\"elementor-widget-container\">\n\t\t\t\t\t\t\t\t\t<p>Makinede y\u0131kanabilir 300D polyester d\u0131\u015f katman bak\u0131m\u0131 kolayla\u015ft\u0131r\u0131r.<\/p>\t\t\t\t\t\t\t\t<\/div>\n\t\t\t\t<\/div>\n\t\t\t\t<\/div>\n\t\t<div class=\"elementor-element elementor-element-b88cabd e-con-full e-flex e-con e-child\" data-id=\"b88cabd\" data-element_type=\"container\">\n\t\t\t\t<div class=\"elementor-element elementor-element-b07af5d elementor-widget elementor-widget-video\" data-id=\"b07af5d\" data-element_type=\"widget\" data-settings=\"{&quot;video_type&quot;:&quot;hosted&quot;,&quot;autoplay&quot;:&quot;yes&quot;,&quot;play_on_mobile&quot;:&quot;yes&quot;,&quot;mute&quot;:&quot;yes&quot;,&quot;loop&quot;:&quot;yes&quot;}\" data-widget_type=\"video.default\">\n\t\t\t\t<div class=\"elementor-widget-container\">\n\t\t\t\t\t\t\t<div class=\"e-hosted-video elementor-wrapper elementor-open-inline\">\n\t\t\t\t\t<video class=\"elementor-video\" src=\"https:\/\/safirkreatif.net\/woodmart\/wp-content\/uploads\/2025\/01\/4f3691bf37e3453495add9454230b4c2.SD-480p-1.2Mbps-38182243.mp4\" autoplay=\"\" loop=\"\" muted=\"muted\" playsinline=\"\" controlsList=\"nodownload\"><\/video>\n\t\t\t\t<\/div>\n\t\t\t\t\t\t<\/div>\n\t\t\t\t<\/div>\n\t\t\t\t<\/div>\n\t\t\t\t\t<\/div>\n\t\t\t\t<\/div>\n\t\t\t\t<\/div>\n\t\t","protected":false},"excerpt":{"rendered":"<p><strong>G\u00fc\u00e7l\u00fc Emi\u015f<\/strong><\/p>\n<p>K\u00fc\u00e7\u00fck toz veya b\u00fcy\u00fck yaprak, yosun, ne olursa olsun temizleyebilir.<\/p>\n","protected":false},"featured_media":1584,"comment_status":"open","ping_status":"closed","template":"","meta":[],"product_cat":[60,59],"product_tag":[],"class_list":{"0":"post-1581","1":"product","2":"type-product","3":"status-publish","4":"has-post-thumbnail","6":"product_cat-havuz-ekipmanlari-aksesuarlari","7":"product_cat-offroad","9":"first","10":"instock","11":"sale","12":"shipping-taxable","13":"purchasable","14":"product-type-simple"},"_links":{"self":[{"href":"https:\/\/safirkreatif.net\/woodmart\/wp-json\/wp\/v2\/product\/1581","targetHints":{"allow":["GET"]}}],"collection":[{"href":"https:\/\/safirkreatif.net\/woodmart\/wp-json\/wp\/v2\/product"}],"about":[{"href":"https:\/\/safirkreatif.net\/woodmart\/wp-json\/wp\/v2\/types\/product"}],"replies":[{"embeddable":true,"href":"https:\/\/safirkreatif.net\/woodmart\/wp-json\/wp\/v2\/comments?post=1581"}],"version-history":[{"count":1,"href":"https:\/\/safirkreatif.net\/woodmart\/wp-json\/wp\/v2\/product\/1581\/revisions"}],"predecessor-version":[{"id":1585,"href":"https:\/\/safirkreatif.net\/woodmart\/wp-json\/wp\/v2\/product\/1581\/revisions\/1585"}],"wp:featuredmedia":[{"embeddable":true,"href":"https:\/\/safirkreatif.net\/woodmart\/wp-json\/wp\/v2\/media\/1584"}],"wp:attachment":[{"href":"https:\/\/safirkreatif.net\/woodmart\/wp-json\/wp\/v2\/media?parent=1581"}],"wp:term":[{"taxonomy":"product_cat","embeddable":true,"href":"https:\/\/safirkreatif.net\/woodmart\/wp-json\/wp\/v2\/product_cat?post=1581"},{"taxonomy":"product_tag","embeddable":true,"href":"https:\/\/safirkreatif.net\/woodmart\/wp-json\/wp\/v2\/product_tag?post=1581"}],"curies":[{"name":"wp","href":"https:\/\/api.w.org\/{rel}","templated":true}]}}