{"id":1592,"date":"2025-01-08T16:14:11","date_gmt":"2025-01-08T13:14:11","guid":{"rendered":"https:\/\/safirkreatif.net\/woodmart\/?post_type=product&#038;p=1592"},"modified":"2025-01-14T01:46:51","modified_gmt":"2025-01-13T22:46:51","slug":"sicak-kuvet-hot-tub-spa","status":"publish","type":"product","link":"https:\/\/safirkreatif.net\/woodmart\/urun\/sicak-kuvet-hot-tub-spa\/","title":{"rendered":"S\u0131cak K\u00fcvet (Hot Tub) Spa"},"content":{"rendered":"\t\t<div data-elementor-type=\"wp-post\" data-elementor-id=\"1592\" class=\"elementor elementor-1592\">\n\t\t\t\t<div class=\"wd-negative-gap elementor-element elementor-element-e8bc6d8 wd-section-stretch e-flex e-con-boxed e-con e-parent\" data-id=\"e8bc6d8\" data-element_type=\"container\" data-settings=\"{&quot;background_background&quot;:&quot;classic&quot;}\">\n\t\t\t\t\t<div class=\"e-con-inner\">\n\t\t<div class=\"elementor-element elementor-element-966e9be e-con-full e-flex e-con e-child\" data-id=\"966e9be\" data-element_type=\"container\">\n\t\t<div class=\"elementor-element elementor-element-5f73524 e-con-full e-flex e-con e-child\" data-id=\"5f73524\" data-element_type=\"container\">\n\t\t\t\t<div class=\"elementor-element elementor-element-267264b color-scheme-inherit text-left elementor-widget elementor-widget-text-editor\" data-id=\"267264b\" data-element_type=\"widget\" data-widget_type=\"text-editor.default\">\n\t\t\t\t<div class=\"elementor-widget-container\">\n\t\t\t\t\t\t\t\t\t<p><span style=\"color: var(--wd-title-color); font-family: var(--wd-title-font); font-size: 22px; font-style: var(--wd-title-font-style); font-weight: var(--wd-title-font-weight); text-transform: var(--wd-title-transform); text-align: var(--text-align);\">S\u0131cak K\u00fcvetin Faydalar\u0131:<\/span><br \/>Spa&#8217;da rahatlaman\u0131n ve gev\u015femenin iki yolu vard\u0131r. S\u0131cak, k\u00f6p\u00fcren bir jakuzi ortam\u0131 yaratmak i\u00e7in alttan kabarc\u0131klar sal\u0131n\u0131rken, hedefli jetler yan duvarlar\u0131n etraf\u0131ndan sal\u0131n\u0131r. Bu rahatlat\u0131c\u0131 baloncuklar rahatlaman\u0131za ve gev\u015femenize yard\u0131mc\u0131 olacakt\u0131r.<\/p><p>\u015ei\u015fme havuzun d\u0131\u015f k\u0131sm\u0131 delinmeye ve UV \u0131\u015f\u0131nlar\u0131na dayan\u0131kl\u0131 Tritech\u2122 malzemeden yap\u0131lm\u0131\u015ft\u0131r ve ne kadar \u015fi\u015firilip s\u00f6nd\u00fcr\u00fclse de hasar\u0131 \u00f6nler ve \u015feklini korur. Ekstra koruma i\u00e7in emniyet klipsli g\u00fc\u00e7lendirilmi\u015f bir kapakla birlikte gelir Is\u0131 yal\u0131t\u0131m etkisini artt\u0131r\u0131r.<\/p><h3>Kullan\u0131m Alanlar\u0131:<\/h3><ul><li><strong>Evler<\/strong>: \u00d6zellikle bah\u00e7elerde veya banyolarda kullan\u0131labilir.<\/li><li><strong>Spa ve Kapl\u0131calar<\/strong>: Profesyonel terapilerde s\u0131k\u00e7a kullan\u0131l\u0131r.<\/li><li><strong>Fizik Tedavi ve Rehabilitasyon<\/strong>: Kas a\u011fr\u0131lar\u0131, eklem rahats\u0131zl\u0131klar\u0131 ve spor yaralanmalar\u0131n\u0131 tedavi etmek i\u00e7in tercih edilir.<\/li><\/ul>\t\t\t\t\t\t\t\t<\/div>\n\t\t\t\t<\/div>\n\t\t\t\t<\/div>\n\t\t<div class=\"elementor-element elementor-element-8aeeab1 e-con-full e-flex e-con e-child\" data-id=\"8aeeab1\" data-element_type=\"container\">\n\t\t\t\t<div class=\"elementor-element elementor-element-ef7cb88 color-scheme-inherit text-left elementor-widget elementor-widget-text-editor\" data-id=\"ef7cb88\" data-element_type=\"widget\" data-widget_type=\"text-editor.default\">\n\t\t\t\t<div class=\"elementor-widget-container\">\n\t\t\t\t\t\t\t\t\t<span style=\"color: var(--wd-title-color); font-family: var(--wd-title-font); font-size: 22px; font-style: var(--wd-title-font-style); font-weight: var(--wd-title-font-weight); text-transform: var(--wd-title-transform); text-align: var(--text-align);\">S\u0131cak K\u00fcvetin Faydalar\u0131:<\/span>\n<ul>\n \t<li>Kas ve eklem a\u011fr\u0131lar\u0131n\u0131n hafifletilmesine yard\u0131mc\u0131 olur.<\/li>\n \t<li>Kan dola\u015f\u0131m\u0131n\u0131 art\u0131r\u0131r.<\/li>\n \t<li>Stresi azalt\u0131r ve zihinsel rahatlama sa\u011flar.<\/li>\n \t<li>Uyku kalitesini iyile\u015ftirebilir.<\/li>\n \t<li>Hidroterapi i\u00e7in uygun bir ortam sunar.<\/li>\n<\/ul>\n<h3>Dikkat Edilmesi Gerekenler:<\/h3>\n<ul>\n \t<li>\u00c7ok uzun s\u00fcre s\u0131cak k\u00fcvette kalmak dehidrasyona veya ba\u015f d\u00f6nmesine neden olabilir.<\/li>\n \t<li>Hijyen a\u00e7\u0131s\u0131ndan suyun d\u00fczenli olarak temizlenmesi ve filtre sisteminin bak\u0131m\u0131 \u00f6nemlidir.<\/li>\n \t<li>Hamileler, \u00e7ocuklar veya belirli sa\u011fl\u0131k sorunlar\u0131 olan bireyler s\u0131cak k\u00fcvet kullanmadan \u00f6nce doktora dan\u0131\u015fmal\u0131d\u0131r.<\/li>\n<\/ul>\t\t\t\t\t\t\t\t<\/div>\n\t\t\t\t<\/div>\n\t\t\t\t<\/div>\n\t\t\t\t<\/div>\n\t\t\t\t\t<\/div>\n\t\t\t\t<\/div>\n\t\t\t\t<\/div>\n\t\t","protected":false},"excerpt":{"rendered":"<p>Spa&#8217;da rahatlaman\u0131n ve gev\u015femenin iki yolu vard\u0131r. S\u0131cak, k\u00f6p\u00fcren bir jakuzi ortam\u0131 yaratmak i\u00e7in alttan kabarc\u0131klar sal\u0131n\u0131rken, hedefli jetler yan duvarlar\u0131n etraf\u0131ndan sal\u0131n\u0131r. Bu rahatlat\u0131c\u0131 baloncuklar rahatlaman\u0131za ve gev\u015femenize yard\u0131mc\u0131 olacakt\u0131r.<\/p>\n","protected":false},"featured_media":1797,"comment_status":"open","ping_status":"closed","template":"","meta":[],"product_cat":[60,59],"product_tag":[],"class_list":{"0":"post-1592","1":"product","2":"type-product","3":"status-publish","4":"has-post-thumbnail","6":"product_cat-havuz-ekipmanlari-aksesuarlari","7":"product_cat-offroad","9":"first","10":"instock","11":"sale","12":"shipping-taxable","13":"purchasable","14":"product-type-simple"},"_links":{"self":[{"href":"https:\/\/safirkreatif.net\/woodmart\/wp-json\/wp\/v2\/product\/1592","targetHints":{"allow":["GET"]}}],"collection":[{"href":"https:\/\/safirkreatif.net\/woodmart\/wp-json\/wp\/v2\/product"}],"about":[{"href":"https:\/\/safirkreatif.net\/woodmart\/wp-json\/wp\/v2\/types\/product"}],"replies":[{"embeddable":true,"href":"https:\/\/safirkreatif.net\/woodmart\/wp-json\/wp\/v2\/comments?post=1592"}],"version-history":[{"count":4,"href":"https:\/\/safirkreatif.net\/woodmart\/wp-json\/wp\/v2\/product\/1592\/revisions"}],"predecessor-version":[{"id":2095,"href":"https:\/\/safirkreatif.net\/woodmart\/wp-json\/wp\/v2\/product\/1592\/revisions\/2095"}],"wp:featuredmedia":[{"embeddable":true,"href":"https:\/\/safirkreatif.net\/woodmart\/wp-json\/wp\/v2\/media\/1797"}],"wp:attachment":[{"href":"https:\/\/safirkreatif.net\/woodmart\/wp-json\/wp\/v2\/media?parent=1592"}],"wp:term":[{"taxonomy":"product_cat","embeddable":true,"href":"https:\/\/safirkreatif.net\/woodmart\/wp-json\/wp\/v2\/product_cat?post=1592"},{"taxonomy":"product_tag","embeddable":true,"href":"https:\/\/safirkreatif.net\/woodmart\/wp-json\/wp\/v2\/product_tag?post=1592"}],"curies":[{"name":"wp","href":"https:\/\/api.w.org\/{rel}","templated":true}]}}