{"id":1593,"date":"2025-01-08T16:14:27","date_gmt":"2025-01-08T13:14:27","guid":{"rendered":"https:\/\/safirkreatif.net\/woodmart\/?post_type=product&#038;p=1593"},"modified":"2025-01-14T01:48:23","modified_gmt":"2025-01-13T22:48:23","slug":"yousky-solar-havuz-temizleme-robotu","status":"publish","type":"product","link":"https:\/\/safirkreatif.net\/woodmart\/urun\/yousky-solar-havuz-temizleme-robotu\/","title":{"rendered":"Yousky Solar Havuz Temizleme Robotu"},"content":{"rendered":"\t\t<div data-elementor-type=\"wp-post\" data-elementor-id=\"1593\" class=\"elementor elementor-1593\">\n\t\t\t\t<div class=\"wd-negative-gap elementor-element elementor-element-d3a0d3b wd-section-stretch e-flex e-con-boxed e-con e-parent\" data-id=\"d3a0d3b\" data-element_type=\"container\" data-settings=\"{&quot;background_background&quot;:&quot;classic&quot;}\">\n\t\t\t\t\t<div class=\"e-con-inner\">\n\t\t<div class=\"elementor-element elementor-element-ac831ed e-con-full e-flex e-con e-child\" data-id=\"ac831ed\" data-element_type=\"container\">\n\t\t<div class=\"elementor-element elementor-element-dc1597a e-con-full e-flex e-con e-child\" data-id=\"dc1597a\" data-element_type=\"container\">\n\t\t\t\t<div class=\"elementor-element elementor-element-0448d40 elementor-widget elementor-widget-heading\" data-id=\"0448d40\" data-element_type=\"widget\" data-widget_type=\"heading.default\">\n\t\t\t\t<div class=\"elementor-widget-container\">\n\t\t\t\t\t<h2 class=\"elementor-heading-title elementor-size-default\">Y\u00fcksek performansl\u0131 motor<\/h2>\t\t\t\t<\/div>\n\t\t\t\t<\/div>\n\t\t\t\t<div class=\"elementor-element elementor-element-29f3a6b color-scheme-inherit text-left elementor-widget elementor-widget-text-editor\" data-id=\"29f3a6b\" data-element_type=\"widget\" data-widget_type=\"text-editor.default\">\n\t\t\t\t<div class=\"elementor-widget-container\">\n\t\t\t\t\t\t\t\t\t<p>\u00a0%30&#8217;dan fazla elektrik tasarrufu<\/p><ul><li>Y\u00fcksek hassasiyetli sens\u00f6r ile alg\u0131lama aral\u0131\u011f\u0131 2 metreden fazlaya ula\u015f\u0131r<\/li><li>Kontrol paneli tamamen ba\u011f\u0131ms\u0131z olarak geli\u015ftirilmi\u015f olup performans\u0131n tamam\u0131 kontrol edilebilmektedir.<\/li><li>\u00c7imlere, d\u00fc\u015fen yapraklara, b\u00f6ceklere vb. uyum sa\u011flayabilir.<\/li><li>20 cm&#8217;den 180 cm&#8217;e kadar t\u00fcm havuzlar i\u00e7in uygundur.\u00a0<\/li><li>Depolama sepeti kapasitesi: 4L<\/li><li>-5-60\u00b0C ortam s\u0131cakl\u0131\u011f\u0131nda 2,5 saat \u015farj ile 7 saat \u00e7al\u0131\u015fma<\/li><li>\u0130ki \u015farj modu: g\u00fcne\u015f enerjisi ve harici g\u00fc\u00e7 kayna\u011f\u0131<\/li><\/ul>\t\t\t\t\t\t\t\t<\/div>\n\t\t\t\t<\/div>\n\t\t\t\t<\/div>\n\t\t\t\t<\/div>\n\t\t\t\t\t<\/div>\n\t\t\t\t<\/div>\n\t\t\t\t<\/div>\n\t\t","protected":false},"excerpt":{"rendered":"<p><strong>G\u00fc\u00e7l\u00fc Emi\u015f<\/strong><\/p>\n<p>K\u00fc\u00e7\u00fck toz veya b\u00fcy\u00fck yaprak, yosun, ne olursa olsun temizleyebilir.<\/p>\n","protected":false},"featured_media":1792,"comment_status":"open","ping_status":"closed","template":"","meta":[],"product_cat":[60,59],"product_tag":[],"class_list":{"0":"post-1593","1":"product","2":"type-product","3":"status-publish","4":"has-post-thumbnail","6":"product_cat-havuz-ekipmanlari-aksesuarlari","7":"product_cat-offroad","9":"first","10":"instock","11":"sale","12":"shipping-taxable","13":"purchasable","14":"product-type-simple"},"_links":{"self":[{"href":"https:\/\/safirkreatif.net\/woodmart\/wp-json\/wp\/v2\/product\/1593","targetHints":{"allow":["GET"]}}],"collection":[{"href":"https:\/\/safirkreatif.net\/woodmart\/wp-json\/wp\/v2\/product"}],"about":[{"href":"https:\/\/safirkreatif.net\/woodmart\/wp-json\/wp\/v2\/types\/product"}],"replies":[{"embeddable":true,"href":"https:\/\/safirkreatif.net\/woodmart\/wp-json\/wp\/v2\/comments?post=1593"}],"version-history":[{"count":4,"href":"https:\/\/safirkreatif.net\/woodmart\/wp-json\/wp\/v2\/product\/1593\/revisions"}],"predecessor-version":[{"id":2098,"href":"https:\/\/safirkreatif.net\/woodmart\/wp-json\/wp\/v2\/product\/1593\/revisions\/2098"}],"wp:featuredmedia":[{"embeddable":true,"href":"https:\/\/safirkreatif.net\/woodmart\/wp-json\/wp\/v2\/media\/1792"}],"wp:attachment":[{"href":"https:\/\/safirkreatif.net\/woodmart\/wp-json\/wp\/v2\/media?parent=1593"}],"wp:term":[{"taxonomy":"product_cat","embeddable":true,"href":"https:\/\/safirkreatif.net\/woodmart\/wp-json\/wp\/v2\/product_cat?post=1593"},{"taxonomy":"product_tag","embeddable":true,"href":"https:\/\/safirkreatif.net\/woodmart\/wp-json\/wp\/v2\/product_tag?post=1593"}],"curies":[{"name":"wp","href":"https:\/\/api.w.org\/{rel}","templated":true}]}}