{"id":1601,"date":"2025-01-08T16:17:56","date_gmt":"2025-01-08T13:17:56","guid":{"rendered":"https:\/\/safirkreatif.net\/woodmart\/?post_type=product&#038;p=1601"},"modified":"2025-01-14T01:37:37","modified_gmt":"2025-01-13T22:37:37","slug":"yousky-sarjli-havuz-el-supurgesi","status":"publish","type":"product","link":"https:\/\/safirkreatif.net\/woodmart\/urun\/yousky-sarjli-havuz-el-supurgesi\/","title":{"rendered":"Yousky \u015earjl\u0131 Havuz El S\u00fcp\u00fcrgesi"},"content":{"rendered":"\t\t<div data-elementor-type=\"wp-post\" data-elementor-id=\"1601\" class=\"elementor elementor-1601\">\n\t\t\t\t<div class=\"wd-negative-gap elementor-element elementor-element-d3a0d3b wd-section-stretch e-flex e-con-boxed e-con e-parent\" data-id=\"d3a0d3b\" data-element_type=\"container\" data-settings=\"{&quot;background_background&quot;:&quot;classic&quot;}\">\n\t\t\t\t\t<div class=\"e-con-inner\">\n\t\t<div class=\"elementor-element elementor-element-ac831ed e-con-full e-flex e-con e-child\" data-id=\"ac831ed\" data-element_type=\"container\">\n\t\t<div class=\"elementor-element elementor-element-dc1597a e-con-full e-flex e-con e-child\" data-id=\"dc1597a\" data-element_type=\"container\">\n\t\t\t\t<div class=\"elementor-element elementor-element-0448d40 elementor-widget elementor-widget-heading\" data-id=\"0448d40\" data-element_type=\"widget\" data-widget_type=\"heading.default\">\n\t\t\t\t<div class=\"elementor-widget-container\">\n\t\t\t\t\t<h2 class=\"elementor-heading-title elementor-size-default\">Zahmetsiz Temizlik i\u00e7in G\u00fc\u00e7l\u00fc Emi\u015f<\/h2>\t\t\t\t<\/div>\n\t\t\t\t<\/div>\n\t\t\t\t<div class=\"elementor-element elementor-element-29f3a6b color-scheme-inherit text-left elementor-widget elementor-widget-text-editor\" data-id=\"29f3a6b\" data-element_type=\"widget\" data-widget_type=\"text-editor.default\">\n\t\t\t\t<div class=\"elementor-widget-container\">\n\t\t\t\t\t\t\t\t\t<p>Zahmetsizce lekesiz bir havuza dal\u0131n! El tipi havuz vakumumuz, maksimum 68 litre\/dakika ak\u0131\u015f h\u0131z\u0131yla tortular\u0131, yapraklar\u0131 ve kiri h\u0131zla ortadan kald\u0131rmak i\u00e7in g\u00fc\u00e7l\u00fc emi\u015f kullan\u0131r! Size zaman ve emek kazand\u0131ran kapsaml\u0131 bir temizlik deneyimi sa\u011flar.<\/p>\t\t\t\t\t\t\t\t<\/div>\n\t\t\t\t<\/div>\n\t\t\t\t<div class=\"elementor-element elementor-element-7b7d183 color-scheme-inherit text-left elementor-widget elementor-widget-text-editor\" data-id=\"7b7d183\" data-element_type=\"widget\" data-widget_type=\"text-editor.default\">\n\t\t\t\t<div class=\"elementor-widget-container\">\n\t\t\t\t\t\t\t\t\t<ul><li><strong>Zahmetsizce lekesiz bir havuza dal\u0131n!<\/strong> <br \/>El tipi havuz vakumumuz, maksimum 68 litre\/dakika ak\u0131\u015f h\u0131z\u0131yla tortular\u0131, yapraklar\u0131 ve kiri h\u0131zla ortadan kald\u0131rmak i\u00e7in g\u00fc\u00e7l\u00fc emi\u015f kullan\u0131r! Size zaman ve emek kazand\u0131ran kapsaml\u0131 bir temizlik deneyimi sa\u011flar.<\/li><li><strong>Kablosuz Kolayl\u0131k, \u00c7ok Y\u00f6nl\u00fc Temizlik<br \/><\/strong>Sorunsuz temizlik \u00f6zg\u00fcrl\u00fc\u011f\u00fcn\u00fc ya\u015fay\u0131n! Ak\u00fcl\u00fc el tipi havuz vakumumuz, kar\u0131\u015f\u0131k hortumlar\u0131n, kablolar\u0131n s\u0131k\u0131nt\u0131s\u0131n\u0131 ortadan kald\u0131rarak benzersiz rahatl\u0131k sa\u011flar. \u0130ki farkl\u0131 f\u0131r\u00e7a ba\u015fl\u0131\u011f\u0131 ile y\u00fczme havuzunun, spa\u2019n\u0131z\u0131n her k\u00f6\u015fesine zahmetsizce ula\u015farak kapsaml\u0131 temizlik sonu\u00e7lar\u0131 elde edebilirsiniz.<\/li><\/ul>\t\t\t\t\t\t\t\t<\/div>\n\t\t\t\t<\/div>\n\t\t\t\t<\/div>\n\t\t<div class=\"elementor-element elementor-element-d993919 e-con-full e-flex e-con e-child\" data-id=\"d993919\" data-element_type=\"container\">\n\t\t\t\t<div class=\"elementor-element elementor-element-0567fd3 elementor-widget elementor-widget-video\" data-id=\"0567fd3\" data-element_type=\"widget\" data-settings=\"{&quot;youtube_url&quot;:&quot;https:\\\/\\\/www.youtube.com\\\/watch?v=_bnTj2hABTM&quot;,&quot;mute&quot;:&quot;yes&quot;,&quot;loop&quot;:&quot;yes&quot;,&quot;video_type&quot;:&quot;youtube&quot;,&quot;controls&quot;:&quot;yes&quot;}\" data-widget_type=\"video.default\">\n\t\t\t\t<div class=\"elementor-widget-container\">\n\t\t\t\t\t\t\t<div class=\"elementor-wrapper elementor-open-inline\">\n\t\t\t<div class=\"elementor-video\"><\/div>\t\t<\/div>\n\t\t\t\t\t\t<\/div>\n\t\t\t\t<\/div>\n\t\t\t\t<\/div>\n\t\t\t\t<\/div>\n\t\t<div class=\"elementor-element elementor-element-2f05be8 e-con-full e-flex e-con e-child\" data-id=\"2f05be8\" data-element_type=\"container\">\n\t\t<div class=\"elementor-element elementor-element-ade4b67 e-con-full e-flex e-con e-child\" data-id=\"ade4b67\" data-element_type=\"container\">\n\t\t\t\t<div class=\"elementor-element elementor-element-96656a9 elementor-widget elementor-widget-video\" data-id=\"96656a9\" data-element_type=\"widget\" data-settings=\"{&quot;youtube_url&quot;:&quot;https:\\\/\\\/www.youtube.com\\\/watch?v=uhKHKincR98&quot;,&quot;autoplay&quot;:&quot;yes&quot;,&quot;play_on_mobile&quot;:&quot;yes&quot;,&quot;mute&quot;:&quot;yes&quot;,&quot;loop&quot;:&quot;yes&quot;,&quot;video_type&quot;:&quot;youtube&quot;,&quot;controls&quot;:&quot;yes&quot;}\" data-widget_type=\"video.default\">\n\t\t\t\t<div class=\"elementor-widget-container\">\n\t\t\t\t\t\t\t<div class=\"elementor-wrapper elementor-open-inline\">\n\t\t\t<div class=\"elementor-video\"><\/div>\t\t<\/div>\n\t\t\t\t\t\t<\/div>\n\t\t\t\t<\/div>\n\t\t\t\t<\/div>\n\t\t<div class=\"elementor-element elementor-element-597584c e-con-full e-flex e-con e-child\" data-id=\"597584c\" data-element_type=\"container\">\n\t\t\t\t<div class=\"elementor-element elementor-element-f705c6c color-scheme-inherit text-left elementor-widget elementor-widget-text-editor\" data-id=\"f705c6c\" data-element_type=\"widget\" data-widget_type=\"text-editor.default\">\n\t\t\t\t<div class=\"elementor-widget-container\">\n\t\t\t\t\t\t\t\t\t<section class=\"Jgs2b9\"><div class=\"WAZqE7 QfrfFD cell\"><section class=\"Va_ZoC\" data-hook=\"description-wrapper\"><div class=\"LvOu6J\"><div class=\"vaI0UH\" data-hook=\"content-wrapper\"><ul><li><strong>Uzun Pil \u00d6mr\u00fc, Kesintisiz Temizlik:<br \/><\/strong>Kesintilere veda edin! Yer \u00fcst\u00fc ve yer alt\u0131 havuzu i\u00e7in havuz vakumumuz sa\u011flam bir \u015farj edilebilir bataryaya sahiptir, \u015farj i\u015flemi yaln\u0131zca 2,5 saat s\u00fcrer, t\u00fcm havuzunuzu tek seferde temizlemenizi sa\u011flar. Kesintisiz seanslar\u0131n keyfini \u00e7\u0131kar\u0131n ve s\u00fcrekli \u0131\u015f\u0131lt\u0131l\u0131 bir havuzun g\u00fczelli\u011finin tad\u0131n\u0131 \u00e7\u0131kar\u0131n.<\/li><li><b>T\u00fcm Havuzlar ve Spa\u2019lar \u0130\u00e7in \u00c7ok Y\u00f6nl\u00fc Tasar\u0131m:<br \/><\/b>Uyarlanabilirlik performansla bulu\u015fuyor! \u00c7ok y\u00f6nl\u00fc havuz temizleyici s\u00fcp\u00fcrgemiz, yer alt\u0131 ve yer \u00fcst\u00fc havuzlar\u0131na, kapl\u0131calar ve spa k\u00fcvetlerine uyacak \u015fekilde tasarlanm\u0131\u015ft\u0131r. Bu hepsi bir arada \u00e7\u00f6z\u00fcm, t\u00fcm su ortamlar\u0131n\u0131z i\u00e7in verimli temizlik sa\u011flar.\u00a0<\/li><li><strong>Ekstra Uzun Teleskopik Sap, Zaman Kazand\u0131ran Temizlik:<br \/><\/strong>Manuel havuz vakumu, minimum 51 cm ile maksimum 175 cm aras\u0131nda de\u011fi\u015fen teleskopik bir sap ile birlikte gelir ve ula\u015f\u0131lmas\u0131 en zor alanlar\u0131 temizlemenize yard\u0131mc\u0131 olur.<\/li><\/ul><\/div><\/div><\/section><\/div><\/section>\t\t\t\t\t\t\t\t<\/div>\n\t\t\t\t<\/div>\n\t\t\t\t<\/div>\n\t\t\t\t<\/div>\n\t\t<div class=\"elementor-element elementor-element-59d05cc e-con-full e-flex e-con e-child\" data-id=\"59d05cc\" data-element_type=\"container\">\n\t\t<div class=\"elementor-element elementor-element-f924622 e-con-full e-flex e-con e-child\" data-id=\"f924622\" data-element_type=\"container\">\n\t\t\t\t<div class=\"elementor-element elementor-element-8408902 elementor-widget elementor-widget-heading\" data-id=\"8408902\" data-element_type=\"widget\" data-widget_type=\"heading.default\">\n\t\t\t\t<div class=\"elementor-widget-container\">\n\t\t\t\t\t<h2 class=\"elementor-heading-title elementor-size-default\">Teknik \u00d6zellikler<\/h2>\t\t\t\t<\/div>\n\t\t\t\t<\/div>\n\t\t\t\t<div class=\"elementor-element elementor-element-4fa508e color-scheme-inherit text-left elementor-widget elementor-widget-text-editor\" data-id=\"4fa508e\" data-element_type=\"widget\" data-widget_type=\"text-editor.default\">\n\t\t\t\t<div class=\"elementor-widget-container\">\n\t\t\t\t\t\t\t\t\t\n<table>\n<tbody>\n<tr>\n<td>Montaj Gerekli<\/td>\n<td>\u200eEvet<\/td>\n<\/tr>\n<tr>\n<td>Pil A\u011f\u0131rl\u0131\u011f\u0131<\/td>\n<td>\u200e150 Gram<\/td>\n<\/tr>\n<tr>\n<td>Lityum Pil Enerji \u0130\u00e7eri\u011fi<\/td>\n<td>\u200e24.42 watt<\/td>\n<\/tr>\n<tr>\n<td>Pil Say\u0131s\u0131<\/td>\n<td>\u200e1 Lityum \u0130yon pil gereklidir. (piller \u00fcr\u00fcne dahildir)<\/td>\n<\/tr>\n<tr>\n<td>Montaj S\u00fcresi<\/td>\n<td>\u200e5 dakika<\/td>\n<\/tr>\n<tr>\n<td>Pil A\u00e7\u0131klamas\u0131<\/td>\n<td>\u200eLityum<\/td>\n<\/tr>\n<tr>\n<td>\u015earj S\u00fcresi<\/td>\n<td>\u200e2.5 Saat<\/td>\n<\/tr>\n<tr>\n<td>Lityum-iyon H\u00fccre Say\u0131s\u0131<\/td>\n<td>\u200e1<\/td>\n<\/tr>\n<tr>\n<td>\u00dcr\u00fcn Boyutlar\u0131 UxGxY<\/td>\n<td>\u200e32.5 x 19.5 x 74.9 santimetre<\/td>\n<\/tr>\n<tr>\n<td>\u00dcretici<\/td>\n<td>\u200eYousky<\/td>\n<\/tr>\n<tr>\n<td>Piller:<\/td>\n<td>\u200e1 Lityum \u0130yon pil gereklidir. (piller \u00fcr\u00fcne dahildir)<\/td>\n<\/tr>\n<tr>\n<td>Pil H\u00fccresi Bile\u015fimi<\/td>\n<td>\u200eLityum<\/td>\n<\/tr>\n<tr>\n<td>Lityum Batarya Paketi<\/td>\n<td>\u200eCihaz\u0131n i\u00e7inde pil vard\u0131r.<\/td>\n<\/tr>\n<tr>\n<td>Lityum Batarya A\u011f\u0131rl\u0131\u011f\u0131<\/td>\n<td>\u200e1.2 gram<\/td>\n<\/tr>\n<tr>\n<td>Lityum Metal H\u00fccre Say\u0131s\u0131<\/td>\n<td>\u200e3<\/td>\n<\/tr>\n<tr>\n<td>\u00dcr\u00fcn Model Numaras\u0131<\/td>\n<td>\u200eSCYCJ001<\/td>\n<\/tr>\n<tr>\n<td>\u00dcr\u00fcn Boyutlar\u0131<\/td>\n<td>\u200e32.51 x 19.48 x 74.93 cm; 4.17 Kilogram<\/td>\n<\/tr>\n<\/tbody>\n<\/table>\t\t\t\t\t\t\t\t<\/div>\n\t\t\t\t<\/div>\n\t\t\t\t<\/div>\n\t\t\t\t<\/div>\n\t\t\t\t\t<\/div>\n\t\t\t\t<\/div>\n\t\t\t\t<\/div>\n\t\t","protected":false},"excerpt":{"rendered":"<p><strong>Zahmetsiz Temizlik i\u00e7in G\u00fc\u00e7l\u00fc Emi\u015f:<\/strong><\/p>\n<p>Zahmetsizce lekesiz bir havuza dal\u0131n! El tipi havuz vakumumuz, maksimum 68 litre\/dakika ak\u0131\u015f h\u0131z\u0131yla tortular\u0131, yapraklar\u0131 ve kiri h\u0131zla ortadan kald\u0131rmak i\u00e7in g\u00fc\u00e7l\u00fc emi\u015f kullan\u0131r! Size zaman ve emek kazand\u0131ran kapsaml\u0131 bir temizlik deneyimi sa\u011flar.<\/p>\n","protected":false},"featured_media":1618,"comment_status":"open","ping_status":"closed","template":"","meta":[],"product_cat":[60,59],"product_tag":[],"class_list":{"0":"post-1601","1":"product","2":"type-product","3":"status-publish","4":"has-post-thumbnail","6":"product_cat-havuz-ekipmanlari-aksesuarlari","7":"product_cat-offroad","9":"first","10":"instock","11":"sale","12":"shipping-taxable","13":"purchasable","14":"product-type-simple"},"_links":{"self":[{"href":"https:\/\/safirkreatif.net\/woodmart\/wp-json\/wp\/v2\/product\/1601","targetHints":{"allow":["GET"]}}],"collection":[{"href":"https:\/\/safirkreatif.net\/woodmart\/wp-json\/wp\/v2\/product"}],"about":[{"href":"https:\/\/safirkreatif.net\/woodmart\/wp-json\/wp\/v2\/types\/product"}],"replies":[{"embeddable":true,"href":"https:\/\/safirkreatif.net\/woodmart\/wp-json\/wp\/v2\/comments?post=1601"}],"version-history":[{"count":18,"href":"https:\/\/safirkreatif.net\/woodmart\/wp-json\/wp\/v2\/product\/1601\/revisions"}],"predecessor-version":[{"id":2091,"href":"https:\/\/safirkreatif.net\/woodmart\/wp-json\/wp\/v2\/product\/1601\/revisions\/2091"}],"wp:featuredmedia":[{"embeddable":true,"href":"https:\/\/safirkreatif.net\/woodmart\/wp-json\/wp\/v2\/media\/1618"}],"wp:attachment":[{"href":"https:\/\/safirkreatif.net\/woodmart\/wp-json\/wp\/v2\/media?parent=1601"}],"wp:term":[{"taxonomy":"product_cat","embeddable":true,"href":"https:\/\/safirkreatif.net\/woodmart\/wp-json\/wp\/v2\/product_cat?post=1601"},{"taxonomy":"product_tag","embeddable":true,"href":"https:\/\/safirkreatif.net\/woodmart\/wp-json\/wp\/v2\/product_tag?post=1601"}],"curies":[{"name":"wp","href":"https:\/\/api.w.org\/{rel}","templated":true}]}}