{"id":2102,"date":"2025-01-14T01:51:05","date_gmt":"2025-01-13T22:51:05","guid":{"rendered":"https:\/\/safirkreatif.net\/woodmart\/?post_type=product&#038;p=2102"},"modified":"2025-01-14T01:56:39","modified_gmt":"2025-01-13T22:56:39","slug":"aerogogo-giga-set-kanepe-cift-ve-tek-kisilik-kanepe-bs2-02-bs2-01","status":"publish","type":"product","link":"https:\/\/safirkreatif.net\/woodmart\/urun\/aerogogo-giga-set-kanepe-cift-ve-tek-kisilik-kanepe-bs2-02-bs2-01\/","title":{"rendered":"Aerogogo GIGA Set Kanepe &#8211; \u00c7ift ve Tek Ki\u015filik Kanepe &#8211; BS2-02 &#038; BS2-01"},"content":{"rendered":"\t\t<div data-elementor-type=\"wp-post\" data-elementor-id=\"2102\" class=\"elementor elementor-2102\">\n\t\t\t\t<div class=\"wd-negative-gap elementor-element elementor-element-d3a0d3b wd-section-stretch e-flex e-con-boxed e-con e-parent\" data-id=\"d3a0d3b\" data-element_type=\"container\" data-settings=\"{&quot;background_background&quot;:&quot;classic&quot;}\">\n\t\t\t\t\t<div class=\"e-con-inner\">\n\t\t<div class=\"elementor-element elementor-element-ac831ed e-con-full e-flex e-con e-child\" data-id=\"ac831ed\" data-element_type=\"container\">\n\t\t<div class=\"elementor-element elementor-element-dc1597a e-con-full e-flex e-con e-child\" data-id=\"dc1597a\" data-element_type=\"container\">\n\t\t\t\t<div class=\"elementor-element elementor-element-0448d40 elementor-widget elementor-widget-heading\" data-id=\"0448d40\" data-element_type=\"widget\" data-widget_type=\"heading.default\">\n\t\t\t\t<div class=\"elementor-widget-container\">\n\t\t\t\t\t<h2 class=\"elementor-heading-title elementor-size-default\">An\u0131nda Rahatl\u0131k Sa\u011flayan \u00c7ift ve Tek Ki\u015filik Kanepe Seti<\/h2>\t\t\t\t<\/div>\n\t\t\t\t<\/div>\n\t\t\t\t<div class=\"elementor-element elementor-element-29f3a6b color-scheme-inherit text-left elementor-widget elementor-widget-text-editor\" data-id=\"29f3a6b\" data-element_type=\"widget\" data-widget_type=\"text-editor.default\">\n\t\t\t\t<div class=\"elementor-widget-container\">\n\t\t\t\t\t\t\t\t\t<p><b>\u00dcr\u00fcn i\u00e7erisinde bir adet \u00e7ift ki\u015filik ve bir adet tek ki\u015filik Aerogogo GIGA Set bulunmaktad\u0131r. <br \/><\/b>ihtiya\u00e7 duydu\u011funuz her yerde \u00e7ok y\u00f6nl\u00fc, dinlendirici bir alan yaratmak i\u00e7in, yenilik ve teknolojinin m\u00fckemmel bir kar\u0131\u015f\u0131m\u0131yla geleneksel kanepeyi yeniden icat ettik. Rahat bir koltuktan misafir yata\u011f\u0131na kadar, hafif, dayan\u0131kl\u0131 ve temizlemesi kolayd\u0131r ve zahmetsiz, kal\u0131c\u0131 konforla modern bir tasar\u0131m sunar.<\/p>\t\t\t\t\t\t\t\t<\/div>\n\t\t\t\t<\/div>\n\t\t\t\t<div class=\"elementor-element elementor-element-7b7d183 color-scheme-inherit text-left elementor-widget elementor-widget-text-editor\" data-id=\"7b7d183\" data-element_type=\"widget\" data-widget_type=\"text-editor.default\">\n\t\t\t\t<div class=\"elementor-widget-container\">\n\t\t\t\t\t\t\t\t\t<ul><li><strong>\u00c7ok Y\u00f6nl\u00fc \u015ei\u015fme Kanepe:<\/strong>\u00a0Modern ya\u015fam ve a\u00e7\u0131k hava maceralar\u0131 i\u00e7in tasarlanm\u0131\u015ft\u0131r. Rahat bir koltu\u011fa, misafir yata\u011f\u0131na veya plaj veya kamp i\u00e7in ta\u015f\u0131nabilir bir \u015fezlonga ihtiyac\u0131n\u0131z oldupunda, zahmetsiz konfor ve stil sunar.<\/li><li><strong>H\u0131zl\u0131 ve Otomatik \u015ei\u015firme<\/strong>: Aerogogo 2. Nesil Pompa ile Aerosofa&#8217;n\u0131z bir d\u00fc\u011fmeye basarak dakikalar i\u00e7inde otomatik olarak \u015fi\u015firilir.\u00a0<\/li><\/ul>\t\t\t\t\t\t\t\t<\/div>\n\t\t\t\t<\/div>\n\t\t\t\t<\/div>\n\t\t<div class=\"elementor-element elementor-element-d993919 e-con-full e-flex e-con e-child\" data-id=\"d993919\" data-element_type=\"container\">\n\t\t\t\t<div class=\"elementor-element elementor-element-4190c62 elementor-widget elementor-widget-video\" data-id=\"4190c62\" data-element_type=\"widget\" data-settings=\"{&quot;youtube_url&quot;:&quot;https:\\\/\\\/www.youtube.com\\\/watch?v=cuf-NJdNb8w&quot;,&quot;autoplay&quot;:&quot;yes&quot;,&quot;play_on_mobile&quot;:&quot;yes&quot;,&quot;mute&quot;:&quot;yes&quot;,&quot;loop&quot;:&quot;yes&quot;,&quot;video_type&quot;:&quot;youtube&quot;,&quot;controls&quot;:&quot;yes&quot;}\" data-widget_type=\"video.default\">\n\t\t\t\t<div class=\"elementor-widget-container\">\n\t\t\t\t\t\t\t<div class=\"elementor-wrapper elementor-open-inline\">\n\t\t\t<div class=\"elementor-video\"><\/div>\t\t<\/div>\n\t\t\t\t\t\t<\/div>\n\t\t\t\t<\/div>\n\t\t\t\t<\/div>\n\t\t\t\t<\/div>\n\t\t<div class=\"elementor-element elementor-element-fb976c9 e-con-full e-flex e-con e-child\" data-id=\"fb976c9\" data-element_type=\"container\">\n\t\t\t\t<div class=\"elementor-element elementor-element-483c915 elementor-widget elementor-widget-image\" data-id=\"483c915\" data-element_type=\"widget\" data-widget_type=\"image.default\">\n\t\t\t\t<div class=\"elementor-widget-container\">\n\t\t\t\t\t\t\t\t\t\t\t\t\t\t\t<img fetchpriority=\"high\" decoding=\"async\" width=\"1200\" height=\"600\" src=\"https:\/\/safirkreatif.net\/woodmart\/wp-content\/uploads\/2025\/01\/kapak-1.jpg\" class=\"attachment-2048x2048 size-2048x2048 wp-image-1571\" alt=\"\" srcset=\"https:\/\/safirkreatif.net\/woodmart\/wp-content\/uploads\/2025\/01\/kapak-1.jpg 1200w, https:\/\/safirkreatif.net\/woodmart\/wp-content\/uploads\/2025\/01\/kapak-1-150x75.jpg 150w, https:\/\/safirkreatif.net\/woodmart\/wp-content\/uploads\/2025\/01\/kapak-1-300x150.jpg 300w, https:\/\/safirkreatif.net\/woodmart\/wp-content\/uploads\/2025\/01\/kapak-1-1024x512.jpg 1024w, https:\/\/safirkreatif.net\/woodmart\/wp-content\/uploads\/2025\/01\/kapak-1-768x384.jpg 768w\" sizes=\"(max-width: 1200px) 100vw, 1200px\" \/>\t\t\t\t\t\t\t\t\t\t\t\t\t\t\t<\/div>\n\t\t\t\t<\/div>\n\t\t\t\t<\/div>\n\t\t\t\t\t<\/div>\n\t\t\t\t<\/div>\n\t\t<div class=\"wd-negative-gap elementor-element elementor-element-8bb34bb wd-section-stretch e-flex e-con-boxed e-con e-parent\" data-id=\"8bb34bb\" data-element_type=\"container\">\n\t\t\t\t\t<div class=\"e-con-inner\">\n\t\t<div class=\"elementor-element elementor-element-ee36cba e-con-full e-flex e-con e-child\" data-id=\"ee36cba\" data-element_type=\"container\" data-settings=\"{&quot;background_background&quot;:&quot;classic&quot;}\">\n\t\t\t\t<div class=\"elementor-element elementor-element-c338010 elementor-widget elementor-widget-heading\" data-id=\"c338010\" data-element_type=\"widget\" data-widget_type=\"heading.default\">\n\t\t\t\t<div class=\"elementor-widget-container\">\n\t\t\t\t\t<h2 class=\"elementor-heading-title elementor-size-default\">H\u0131zl\u0131 ve Otomatik \u015ei\u015firme<\/h2>\t\t\t\t<\/div>\n\t\t\t\t<\/div>\n\t\t\t\t<div class=\"elementor-element elementor-element-7360d45 color-scheme-inherit text-left elementor-widget elementor-widget-text-editor\" data-id=\"7360d45\" data-element_type=\"widget\" data-widget_type=\"text-editor.default\">\n\t\t\t\t<div class=\"elementor-widget-container\">\n\t\t\t\t\t\t\t\t\t<p>Aerogogo 2. Nesil Pompa ile Aerosofa&#8217;n\u0131z bir d\u00fc\u011fmeye basarak dakikalar i\u00e7inde otomatik olarak \u015fi\u015firilir.\u00a0<\/p>\t\t\t\t\t\t\t\t<\/div>\n\t\t\t\t<\/div>\n\t\t\t\t<\/div>\n\t\t<div class=\"elementor-element elementor-element-7489c6a e-con-full e-flex e-con e-child\" data-id=\"7489c6a\" data-element_type=\"container\">\n\t\t\t\t<div class=\"elementor-element elementor-element-2355725 elementor-widget elementor-widget-image\" data-id=\"2355725\" data-element_type=\"widget\" data-widget_type=\"image.default\">\n\t\t\t\t<div class=\"elementor-widget-container\">\n\t\t\t\t\t\t\t\t\t\t\t\t\t\t\t<img decoding=\"async\" width=\"1024\" height=\"512\" src=\"https:\/\/safirkreatif.net\/woodmart\/wp-content\/uploads\/2025\/01\/kapak2-1-1024x512.webp\" class=\"attachment-large size-large wp-image-1572\" alt=\"\" srcset=\"https:\/\/safirkreatif.net\/woodmart\/wp-content\/uploads\/2025\/01\/kapak2-1-1024x512.webp 1024w, https:\/\/safirkreatif.net\/woodmart\/wp-content\/uploads\/2025\/01\/kapak2-1-150x75.webp 150w, https:\/\/safirkreatif.net\/woodmart\/wp-content\/uploads\/2025\/01\/kapak2-1-300x150.webp 300w, https:\/\/safirkreatif.net\/woodmart\/wp-content\/uploads\/2025\/01\/kapak2-1-768x384.webp 768w, https:\/\/safirkreatif.net\/woodmart\/wp-content\/uploads\/2025\/01\/kapak2-1.webp 1200w\" sizes=\"(max-width: 1024px) 100vw, 1024px\" \/>\t\t\t\t\t\t\t\t\t\t\t\t\t\t\t<\/div>\n\t\t\t\t<\/div>\n\t\t\t\t<\/div>\n\t\t\t\t\t<\/div>\n\t\t\t\t<\/div>\n\t\t<div class=\"wd-negative-gap elementor-element elementor-element-8db9f2d wd-section-stretch e-flex e-con-boxed e-con e-parent\" data-id=\"8db9f2d\" data-element_type=\"container\">\n\t\t\t\t\t<div class=\"e-con-inner\">\n\t\t<div class=\"elementor-element elementor-element-cbbb0be e-con-full e-flex e-con e-child\" data-id=\"cbbb0be\" data-element_type=\"container\" data-settings=\"{&quot;background_background&quot;:&quot;classic&quot;}\">\n\t\t\t\t<div class=\"elementor-element elementor-element-4db0121 elementor-widget elementor-widget-heading\" data-id=\"4db0121\" data-element_type=\"widget\" data-widget_type=\"heading.default\">\n\t\t\t\t<div class=\"elementor-widget-container\">\n\t\t\t\t\t<h2 class=\"elementor-heading-title elementor-size-default\">Set \u0130\u00e7erisinde \u00c7ok Y\u00f6nl\u00fc \u015ei\u015fme Kanepeler<\/h2>\t\t\t\t<\/div>\n\t\t\t\t<\/div>\n\t\t\t\t<div class=\"elementor-element elementor-element-1a07193 color-scheme-inherit text-left elementor-widget elementor-widget-text-editor\" data-id=\"1a07193\" data-element_type=\"widget\" data-widget_type=\"text-editor.default\">\n\t\t\t\t<div class=\"elementor-widget-container\">\n\t\t\t\t\t\t\t\t\t<p>Modern ya\u015fam ve a\u00e7\u0131k hava maceralar\u0131 i\u00e7in tasarlanm\u0131\u015ft\u0131r. Rahat bir koltu\u011fa, misafir yata\u011f\u0131na veya plaj veya kamp i\u00e7in ta\u015f\u0131nabilir bir \u015fezlonga ihtiyac\u0131n\u0131z oldupunda, zahmetsiz konfor ve stil sunar.<\/p>\t\t\t\t\t\t\t\t<\/div>\n\t\t\t\t<\/div>\n\t\t\t\t<\/div>\n\t\t<div class=\"elementor-element elementor-element-1288348 e-con-full e-flex e-con e-child\" data-id=\"1288348\" data-element_type=\"container\">\n\t\t\t\t<div class=\"elementor-element elementor-element-4407849 elementor-widget elementor-widget-video\" data-id=\"4407849\" data-element_type=\"widget\" data-settings=\"{&quot;video_type&quot;:&quot;hosted&quot;,&quot;autoplay&quot;:&quot;yes&quot;,&quot;play_on_mobile&quot;:&quot;yes&quot;,&quot;mute&quot;:&quot;yes&quot;,&quot;loop&quot;:&quot;yes&quot;}\" data-widget_type=\"video.default\">\n\t\t\t\t<div class=\"elementor-widget-container\">\n\t\t\t\t\t\t\t<div class=\"e-hosted-video elementor-wrapper elementor-open-inline\">\n\t\t\t\t\t<video class=\"elementor-video\" src=\"https:\/\/safirkreatif.net\/woodmart\/wp-content\/uploads\/2025\/01\/62da87e076a947518720168c190df92d.SD-480p-1.2Mbps-38182241.mp4\" autoplay=\"\" loop=\"\" muted=\"muted\" playsinline=\"\" controlsList=\"nodownload\"><\/video>\n\t\t\t\t<\/div>\n\t\t\t\t\t\t<\/div>\n\t\t\t\t<\/div>\n\t\t\t\t<\/div>\n\t\t\t\t\t<\/div>\n\t\t\t\t<\/div>\n\t\t<div class=\"wd-negative-gap elementor-element elementor-element-009a8da wd-section-stretch e-flex e-con-boxed e-con e-parent\" data-id=\"009a8da\" data-element_type=\"container\">\n\t\t\t\t\t<div class=\"e-con-inner\">\n\t\t<div class=\"elementor-element elementor-element-9116e9d e-con-full e-flex e-con e-child\" data-id=\"9116e9d\" data-element_type=\"container\" data-settings=\"{&quot;background_background&quot;:&quot;classic&quot;}\">\n\t\t\t\t<div class=\"elementor-element elementor-element-b0cedc4 elementor-widget__width-inherit elementor-widget elementor-widget-heading\" data-id=\"b0cedc4\" data-element_type=\"widget\" data-widget_type=\"heading.default\">\n\t\t\t\t<div class=\"elementor-widget-container\">\n\t\t\t\t\t<h2 class=\"elementor-heading-title elementor-size-default\">Kolay Temizlenir<\/h2>\t\t\t\t<\/div>\n\t\t\t\t<\/div>\n\t\t\t\t<div class=\"elementor-element elementor-element-e7c6ab8 color-scheme-inherit text-left elementor-widget elementor-widget-text-editor\" data-id=\"e7c6ab8\" data-element_type=\"widget\" data-widget_type=\"text-editor.default\">\n\t\t\t\t<div class=\"elementor-widget-container\">\n\t\t\t\t\t\t\t\t\t<p>Makinede y\u0131kanabilir 300D polyester d\u0131\u015f katman bak\u0131m\u0131 kolayla\u015ft\u0131r\u0131r.<\/p>\t\t\t\t\t\t\t\t<\/div>\n\t\t\t\t<\/div>\n\t\t\t\t<\/div>\n\t\t<div class=\"elementor-element elementor-element-b88cabd e-con-full e-flex e-con e-child\" data-id=\"b88cabd\" data-element_type=\"container\">\n\t\t\t\t<div class=\"elementor-element elementor-element-b07af5d elementor-widget elementor-widget-video\" data-id=\"b07af5d\" data-element_type=\"widget\" data-settings=\"{&quot;video_type&quot;:&quot;hosted&quot;,&quot;autoplay&quot;:&quot;yes&quot;,&quot;play_on_mobile&quot;:&quot;yes&quot;,&quot;mute&quot;:&quot;yes&quot;,&quot;loop&quot;:&quot;yes&quot;}\" data-widget_type=\"video.default\">\n\t\t\t\t<div class=\"elementor-widget-container\">\n\t\t\t\t\t\t\t<div class=\"e-hosted-video elementor-wrapper elementor-open-inline\">\n\t\t\t\t\t<video class=\"elementor-video\" src=\"https:\/\/safirkreatif.net\/woodmart\/wp-content\/uploads\/2025\/01\/4f3691bf37e3453495add9454230b4c2.SD-480p-1.2Mbps-38182243.mp4\" autoplay=\"\" loop=\"\" muted=\"muted\" playsinline=\"\" controlsList=\"nodownload\"><\/video>\n\t\t\t\t<\/div>\n\t\t\t\t\t\t<\/div>\n\t\t\t\t<\/div>\n\t\t\t\t<\/div>\n\t\t\t\t\t<\/div>\n\t\t\t\t<\/div>\n\t\t\t\t<\/div>\n\t\t","protected":false},"excerpt":{"rendered":"<p><strong>An\u0131nda Rahatl\u0131k Sa\u011flayan \u00c7ift Ki\u015filik Kanepe<\/strong><\/p>\n<p>\u0130htiya\u00e7 duydu\u011funuz her yerde \u00e7ok y\u00f6nl\u00fc, dinlendirici bir alan yaratmak i\u00e7in, yenilik ve teknolojinin m\u00fckemmel bir kar\u0131\u015f\u0131m\u0131yla geleneksel kanepeyi yeniden icat ettik. Rahat bir koltuktan misafir yata\u011f\u0131na kadar, hafif, dayan\u0131kl\u0131 ve temizlemesi kolayd\u0131r ve zahmetsiz, kal\u0131c\u0131 konforla modern bir tasar\u0131m sunar.<\/p>\n","protected":false},"featured_media":1825,"comment_status":"open","ping_status":"closed","template":"","meta":[],"product_cat":[60,59,58,66],"product_tag":[],"class_list":{"0":"post-2102","1":"product","2":"type-product","3":"status-publish","4":"has-post-thumbnail","6":"product_cat-havuz-ekipmanlari-aksesuarlari","7":"product_cat-offroad","8":"product_cat-outdoor-kamp","9":"product_cat-sisme-mat-koltuk","11":"first","12":"instock","13":"sale","14":"shipping-taxable","15":"purchasable","16":"product-type-simple"},"_links":{"self":[{"href":"https:\/\/safirkreatif.net\/woodmart\/wp-json\/wp\/v2\/product\/2102","targetHints":{"allow":["GET"]}}],"collection":[{"href":"https:\/\/safirkreatif.net\/woodmart\/wp-json\/wp\/v2\/product"}],"about":[{"href":"https:\/\/safirkreatif.net\/woodmart\/wp-json\/wp\/v2\/types\/product"}],"replies":[{"embeddable":true,"href":"https:\/\/safirkreatif.net\/woodmart\/wp-json\/wp\/v2\/comments?post=2102"}],"version-history":[{"count":4,"href":"https:\/\/safirkreatif.net\/woodmart\/wp-json\/wp\/v2\/product\/2102\/revisions"}],"predecessor-version":[{"id":2106,"href":"https:\/\/safirkreatif.net\/woodmart\/wp-json\/wp\/v2\/product\/2102\/revisions\/2106"}],"wp:featuredmedia":[{"embeddable":true,"href":"https:\/\/safirkreatif.net\/woodmart\/wp-json\/wp\/v2\/media\/1825"}],"wp:attachment":[{"href":"https:\/\/safirkreatif.net\/woodmart\/wp-json\/wp\/v2\/media?parent=2102"}],"wp:term":[{"taxonomy":"product_cat","embeddable":true,"href":"https:\/\/safirkreatif.net\/woodmart\/wp-json\/wp\/v2\/product_cat?post=2102"},{"taxonomy":"product_tag","embeddable":true,"href":"https:\/\/safirkreatif.net\/woodmart\/wp-json\/wp\/v2\/product_tag?post=2102"}],"curies":[{"name":"wp","href":"https:\/\/api.w.org\/{rel}","templated":true}]}}